{"id":18626,"date":"2014-05-30T14:08:09","date_gmt":"2014-05-30T14:08:09","guid":{"rendered":"http:\/\/demo.select-themes.com\/stockholm1\/?page_id=18626"},"modified":"2020-07-10T23:44:09","modified_gmt":"2020-07-10T23:44:09","slug":"os-projetos","status":"publish","type":"page","link":"https:\/\/www.innovart.pt\/n2\/os-projetos\/","title":{"rendered":"PORTF\u00d3LIO"},"content":{"rendered":"<div class=\"wpb-content-wrapper\"><p>[vc_row row_type=&#8221;row&#8221; use_row_as_full_screen_section=&#8221;no&#8221; type=&#8221;full_width&#8221; text_align=&#8221;left&#8221; background_animation=&#8221;none&#8221; padding_top=&#8221;14&#8243; padding_bottom=&#8221;100&#8243; css_animation=&#8221;&#8221;][vc_column]<div class='projects_holder_outer v3 portfolio_no_space portfolio_with_hover_text  qode-filter-position-top'>\n\t<div class='filter_outer left_align'>\n    <div class='filter_holder  '>\n        <ul>\n            \n                            <li class='filter' data-filter='all'><span>All<\/span><\/li>\n            \n                            <li class='filter' data-filter='portfolio_category_54'><span>Art<\/span>\n                                <\/li>\n                            <li class='filter' data-filter='portfolio_category_59'><span>Business<\/span>\n                                <\/li>\n                            <li class='filter' data-filter='portfolio_category_133'><span>COVID<\/span>\n                                <\/li>\n                            <li class='filter' data-filter='portfolio_category_129'><span>Destaque<\/span>\n                                <\/li>\n                            <li class='filter' data-filter='portfolio_category_65'><span>Fashion<\/span>\n                                <\/li>\n                            <li class='filter' data-filter='portfolio_category_81'><span>Photography<\/span>\n                                <\/li>\n                            <li class='filter' data-filter='portfolio_category_127'><span>Produtos<\/span>\n                                <\/li>\n                            <li class='filter' data-filter='portfolio_category_128'><span>servi\u00e7os<\/span>\n                                <\/li>\n                    <\/ul>\n    <\/div>\n<\/div>\n\t\n\t<div class='projects_holder clearfix v3 hover_text no_space portfolio_square_image '>\n\t\t<article class=\"mix portfolio_category_127\">\n    <div class='image_holder default_hover'>\n        \n<span class='image'><img width=\"550\" height=\"550\" src=\"https:\/\/www.innovart.pt\/n2\/wp-content\/uploads\/2020\/07\/PVC_01-550x550.jpg\" class=\"attachment-portfolio-square size-portfolio-square wp-post-image\" alt=\"\" decoding=\"async\" loading=\"lazy\" srcset=\"https:\/\/www.innovart.pt\/n2\/wp-content\/uploads\/2020\/07\/PVC_01-550x550.jpg 550w, https:\/\/www.innovart.pt\/n2\/wp-content\/uploads\/2020\/07\/PVC_01-150x150.jpg 150w, https:\/\/www.innovart.pt\/n2\/wp-content\/uploads\/2020\/07\/PVC_01-500x500.jpg 500w\" sizes=\"(max-width: 550px) 100vw, 550px\" \/><\/span>\n                    <a class='portfolio_link_class' href='https:\/\/www.innovart.pt\/n2\/portfolio_page\/pvc\/' target='_self'><\/a>\n\t\t\n        <div class=\"portfolio_shader\"><\/div>\n<div class=\"text_holder\">\n\t\t<span class=\"project_category\">\n        <span> In <\/span>\n\t\tProdutos    <\/span>\n<h4 class=\"portfolio_title\" > PVC<\/h4><h6 class=\"portfolio_subtitle\"> <\/h6><\/div>\n<div class=\"icons_holder\">\n\t<div class=\"icons_holder_inner\">\n\t\t\t\t\t<a class='portfolio_lightbox' title='PORTF\u00d3LIO' href='https:\/\/www.innovart.pt\/n2\/wp-content\/uploads\/2020\/07\/PVC_01.jpg' data-rel='prettyPhoto[pretty_photo_gallery]'><\/a>\n\t\t\t\t\t<\/div>\n<\/div>\n\n\n    <\/div>\n<\/article><article class=\"mix portfolio_category_127\">\n    <div class='image_holder default_hover'>\n        \n<span class='image'><img width=\"550\" height=\"550\" src=\"https:\/\/www.innovart.pt\/n2\/wp-content\/uploads\/2019\/07\/PPA_01-550x550.jpg\" class=\"attachment-portfolio-square size-portfolio-square wp-post-image\" alt=\"\" decoding=\"async\" loading=\"lazy\" srcset=\"https:\/\/www.innovart.pt\/n2\/wp-content\/uploads\/2019\/07\/PPA_01-550x550.jpg 550w, https:\/\/www.innovart.pt\/n2\/wp-content\/uploads\/2019\/07\/PPA_01-150x150.jpg 150w, https:\/\/www.innovart.pt\/n2\/wp-content\/uploads\/2019\/07\/PPA_01-500x500.jpg 500w\" sizes=\"(max-width: 550px) 100vw, 550px\" \/><\/span>\n                    <a class='portfolio_link_class' href='https:\/\/www.innovart.pt\/n2\/portfolio_page\/ppa\/' target='_self'><\/a>\n\t\t\n        <div class=\"portfolio_shader\"><\/div>\n<div class=\"text_holder\">\n\t\t<span class=\"project_category\">\n        <span> In <\/span>\n\t\tProdutos    <\/span>\n<h4 class=\"portfolio_title\" > POLIPROPILENO ALVEOLAR<\/h4><h6 class=\"portfolio_subtitle\"> <\/h6><\/div>\n<div class=\"icons_holder\">\n\t<div class=\"icons_holder_inner\">\n\t\t\t\t\t<a class='portfolio_lightbox' title='PORTF\u00d3LIO' href='https:\/\/www.innovart.pt\/n2\/wp-content\/uploads\/2019\/07\/PPA_01.jpg' data-rel='prettyPhoto[pretty_photo_gallery]'><\/a>\n\t\t\t\t\t<\/div>\n<\/div>\n\n\n    <\/div>\n<\/article><article class=\"mix portfolio_category_127\">\n    <div class='image_holder default_hover'>\n        \n<span class='image'><img width=\"550\" height=\"550\" src=\"https:\/\/www.innovart.pt\/n2\/wp-content\/uploads\/2019\/07\/Impressa\u0303o_PVC_01-550x550.jpg\" class=\"attachment-portfolio-square size-portfolio-square wp-post-image\" alt=\"\" decoding=\"async\" loading=\"lazy\" srcset=\"https:\/\/www.innovart.pt\/n2\/wp-content\/uploads\/2019\/07\/Impressa\u0303o_PVC_01-550x550.jpg 550w, https:\/\/www.innovart.pt\/n2\/wp-content\/uploads\/2019\/07\/Impressa\u0303o_PVC_01-150x150.jpg 150w, https:\/\/www.innovart.pt\/n2\/wp-content\/uploads\/2019\/07\/Impressa\u0303o_PVC_01-500x500.jpg 500w\" sizes=\"(max-width: 550px) 100vw, 550px\" \/><\/span>\n                    <a class='portfolio_link_class' href='https:\/\/www.innovart.pt\/n2\/portfolio_page\/impressao-foam\/' target='_self'><\/a>\n\t\t\n        <div class=\"portfolio_shader\"><\/div>\n<div class=\"text_holder\">\n\t\t<span class=\"project_category\">\n        <span> In <\/span>\n\t\tProdutos    <\/span>\n<h4 class=\"portfolio_title\" > IMPRESS\u00c3O PLACAS FOAM<\/h4><h6 class=\"portfolio_subtitle\"> <\/h6><\/div>\n<div class=\"icons_holder\">\n\t<div class=\"icons_holder_inner\">\n\t\t\t\t\t<a class='portfolio_lightbox' title='sdr' href='https:\/\/www.innovart.pt\/n2\/wp-content\/uploads\/2019\/07\/Impressa\u0303o_PVC_01.jpg' data-rel='prettyPhoto[pretty_photo_gallery]'><\/a>\n\t\t\t\t\t<\/div>\n<\/div>\n\n\n    <\/div>\n<\/article><article class=\"mix portfolio_category_127\">\n    <div class='image_holder default_hover'>\n        \n<span class='image'><img width=\"550\" height=\"550\" src=\"https:\/\/www.innovart.pt\/n2\/wp-content\/uploads\/2019\/07\/Impressa\u0303o_PVC_01-550x550.jpg\" class=\"attachment-portfolio-square size-portfolio-square wp-post-image\" alt=\"\" decoding=\"async\" loading=\"lazy\" srcset=\"https:\/\/www.innovart.pt\/n2\/wp-content\/uploads\/2019\/07\/Impressa\u0303o_PVC_01-550x550.jpg 550w, https:\/\/www.innovart.pt\/n2\/wp-content\/uploads\/2019\/07\/Impressa\u0303o_PVC_01-150x150.jpg 150w, https:\/\/www.innovart.pt\/n2\/wp-content\/uploads\/2019\/07\/Impressa\u0303o_PVC_01-500x500.jpg 500w\" sizes=\"(max-width: 550px) 100vw, 550px\" \/><\/span>\n                    <a class='portfolio_link_class' href='https:\/\/www.innovart.pt\/n2\/portfolio_page\/impressao-aluminio\/' target='_self'><\/a>\n\t\t\n        <div class=\"portfolio_shader\"><\/div>\n<div class=\"text_holder\">\n\t\t<span class=\"project_category\">\n        <span> In <\/span>\n\t\tProdutos    <\/span>\n<h4 class=\"portfolio_title\" > COMP\u00d3SITOS DE AL\u00daMINIO<\/h4><h6 class=\"portfolio_subtitle\"> <\/h6><\/div>\n<div class=\"icons_holder\">\n\t<div class=\"icons_holder_inner\">\n\t\t\t\t\t<a class='portfolio_lightbox' title='sdr' href='https:\/\/www.innovart.pt\/n2\/wp-content\/uploads\/2019\/07\/Impressa\u0303o_PVC_01.jpg' data-rel='prettyPhoto[pretty_photo_gallery]'><\/a>\n\t\t\t\t\t<\/div>\n<\/div>\n\n\n    <\/div>\n<\/article><article class=\"mix portfolio_category_128\">\n    <div class='image_holder default_hover'>\n        \n<span class='image'><img width=\"550\" height=\"550\" src=\"https:\/\/www.innovart.pt\/n2\/wp-content\/uploads\/2014\/06\/002-550x550.jpg\" class=\"attachment-portfolio-square size-portfolio-square wp-post-image\" alt=\"\" decoding=\"async\" loading=\"lazy\" srcset=\"https:\/\/www.innovart.pt\/n2\/wp-content\/uploads\/2014\/06\/002-550x550.jpg 550w, https:\/\/www.innovart.pt\/n2\/wp-content\/uploads\/2014\/06\/002-150x150.jpg 150w, https:\/\/www.innovart.pt\/n2\/wp-content\/uploads\/2014\/06\/002-500x500.jpg 500w\" sizes=\"(max-width: 550px) 100vw, 550px\" \/><\/span>\n                    <a class='portfolio_link_class' href='https:\/\/www.innovart.pt\/n2\/portfolio_page\/grandes-formatos\/' target='_self'><\/a>\n\t\t\n        <div class=\"portfolio_shader\"><\/div>\n<div class=\"text_holder\">\n\t\t<span class=\"project_category\">\n        <span> In <\/span>\n\t\tservi\u00e7os    <\/span>\n<h4 class=\"portfolio_title\" > Grandes Formatos<\/h4><h6 class=\"portfolio_subtitle\"> <\/h6><\/div>\n<div class=\"icons_holder\">\n\t<div class=\"icons_holder_inner\">\n\t\t\t\t\t<a class='portfolio_lightbox' title='PORTF\u00d3LIO' href='https:\/\/www.innovart.pt\/n2\/wp-content\/uploads\/2014\/06\/002.jpg' data-rel='prettyPhoto[pretty_photo_gallery]'><\/a>\n\t\t\t\t\t<\/div>\n<\/div>\n\n\n    <\/div>\n<\/article><article class=\"mix portfolio_category_128\">\n    <div class='image_holder default_hover'>\n        \n<span class='image'><img width=\"550\" height=\"550\" src=\"https:\/\/www.innovart.pt\/n2\/wp-content\/uploads\/2014\/06\/002-550x550.jpg\" class=\"attachment-portfolio-square size-portfolio-square wp-post-image\" alt=\"\" decoding=\"async\" loading=\"lazy\" srcset=\"https:\/\/www.innovart.pt\/n2\/wp-content\/uploads\/2014\/06\/002-550x550.jpg 550w, https:\/\/www.innovart.pt\/n2\/wp-content\/uploads\/2014\/06\/002-150x150.jpg 150w, https:\/\/www.innovart.pt\/n2\/wp-content\/uploads\/2014\/06\/002-500x500.jpg 500w\" sizes=\"(max-width: 550px) 100vw, 550px\" \/><\/span>\n                    <a class='portfolio_link_class' href='https:\/\/www.innovart.pt\/n2\/portfolio_page\/pequenos-formatos\/' target='_self'><\/a>\n\t\t\n        <div class=\"portfolio_shader\"><\/div>\n<div class=\"text_holder\">\n\t\t<span class=\"project_category\">\n        <span> In <\/span>\n\t\tservi\u00e7os    <\/span>\n<h4 class=\"portfolio_title\" > Pequenos Formatos<\/h4><h6 class=\"portfolio_subtitle\"> <\/h6><\/div>\n<div class=\"icons_holder\">\n\t<div class=\"icons_holder_inner\">\n\t\t\t\t\t<a class='portfolio_lightbox' title='PORTF\u00d3LIO' href='https:\/\/www.innovart.pt\/n2\/wp-content\/uploads\/2014\/06\/002.jpg' data-rel='prettyPhoto[pretty_photo_gallery]'><\/a>\n\t\t\t\t\t<\/div>\n<\/div>\n\n\n    <\/div>\n<\/article><article class=\"mix portfolio_category_129 portfolio_category_128\">\n    <div class='image_holder default_hover'>\n        \n<span class='image'><img width=\"550\" height=\"550\" src=\"https:\/\/www.innovart.pt\/n2\/wp-content\/uploads\/2020\/07\/CNC_02-550x550.jpg\" class=\"attachment-portfolio-square size-portfolio-square wp-post-image\" alt=\"\" decoding=\"async\" loading=\"lazy\" srcset=\"https:\/\/www.innovart.pt\/n2\/wp-content\/uploads\/2020\/07\/CNC_02-550x550.jpg 550w, https:\/\/www.innovart.pt\/n2\/wp-content\/uploads\/2020\/07\/CNC_02-150x150.jpg 150w, https:\/\/www.innovart.pt\/n2\/wp-content\/uploads\/2020\/07\/CNC_02-500x500.jpg 500w\" sizes=\"(max-width: 550px) 100vw, 550px\" \/><\/span>\n                    <a class='portfolio_link_class' href='https:\/\/www.innovart.pt\/n2\/portfolio_page\/decoracao-espacos\/' target='_self'><\/a>\n\t\t\n        <div class=\"portfolio_shader\"><\/div>\n<div class=\"text_holder\">\n\t\t<span class=\"project_category\">\n        <span> In <\/span>\n\t\tDestaque \/ servi\u00e7os    <\/span>\n<h4 class=\"portfolio_title\" > Decora\u00e7\u00e3o de espa\u00e7os<\/h4><h6 class=\"portfolio_subtitle\"> <\/h6><\/div>\n<div class=\"icons_holder\">\n\t<div class=\"icons_holder_inner\">\n\t\t\t\t\t<a class='portfolio_lightbox' title='PORTF\u00d3LIO' href='https:\/\/www.innovart.pt\/n2\/wp-content\/uploads\/2020\/07\/CNC_02.jpg' data-rel='prettyPhoto[pretty_photo_gallery]'><\/a>\n\t\t\t\t\t<\/div>\n<\/div>\n\n\n    <\/div>\n<\/article><article class=\"mix portfolio_category_129 portfolio_category_128\">\n    <div class='image_holder default_hover'>\n        \n<span class='image'><img width=\"550\" height=\"550\" src=\"https:\/\/www.innovart.pt\/n2\/wp-content\/uploads\/2019\/07\/Lonas_telaoptylon-550x550.jpg\" class=\"attachment-portfolio-square size-portfolio-square wp-post-image\" alt=\"\" decoding=\"async\" loading=\"lazy\" srcset=\"https:\/\/www.innovart.pt\/n2\/wp-content\/uploads\/2019\/07\/Lonas_telaoptylon-550x550.jpg 550w, https:\/\/www.innovart.pt\/n2\/wp-content\/uploads\/2019\/07\/Lonas_telaoptylon-150x150.jpg 150w, https:\/\/www.innovart.pt\/n2\/wp-content\/uploads\/2019\/07\/Lonas_telaoptylon-500x500.jpg 500w\" sizes=\"(max-width: 550px) 100vw, 550px\" \/><\/span>\n                    <a class='portfolio_link_class' href='https:\/\/www.innovart.pt\/n2\/portfolio_page\/lonas-publicitarias\/' target='_self'><\/a>\n\t\t\n        <div class=\"portfolio_shader\"><\/div>\n<div class=\"text_holder\">\n\t\t<span class=\"project_category\">\n        <span> In <\/span>\n\t\tDestaque \/ servi\u00e7os    <\/span>\n<h4 class=\"portfolio_title\" > Lonas Publicit\u00e1rias<\/h4><h6 class=\"portfolio_subtitle\"> <\/h6><\/div>\n<div class=\"icons_holder\">\n\t<div class=\"icons_holder_inner\">\n\t\t\t\t\t<a class='portfolio_lightbox' title='bty' href='https:\/\/www.innovart.pt\/n2\/wp-content\/uploads\/2019\/07\/Lonas_telaoptylon.jpg' data-rel='prettyPhoto[pretty_photo_gallery]'><\/a>\n\t\t\t\t\t<\/div>\n<\/div>\n\n\n    <\/div>\n<\/article><article class=\"mix portfolio_category_129 portfolio_category_128\">\n    <div class='image_holder default_hover'>\n        \n<span class='image'><img width=\"550\" height=\"550\" src=\"https:\/\/www.innovart.pt\/n2\/wp-content\/uploads\/2020\/07\/viaturas_01Q-550x550.jpg\" class=\"attachment-portfolio-square size-portfolio-square wp-post-image\" alt=\"\" decoding=\"async\" loading=\"lazy\" srcset=\"https:\/\/www.innovart.pt\/n2\/wp-content\/uploads\/2020\/07\/viaturas_01Q-550x550.jpg 550w, https:\/\/www.innovart.pt\/n2\/wp-content\/uploads\/2020\/07\/viaturas_01Q-300x300.jpg 300w, https:\/\/www.innovart.pt\/n2\/wp-content\/uploads\/2020\/07\/viaturas_01Q-1024x1024.jpg 1024w, https:\/\/www.innovart.pt\/n2\/wp-content\/uploads\/2020\/07\/viaturas_01Q-150x150.jpg 150w, https:\/\/www.innovart.pt\/n2\/wp-content\/uploads\/2020\/07\/viaturas_01Q-768x768.jpg 768w, https:\/\/www.innovart.pt\/n2\/wp-content\/uploads\/2020\/07\/viaturas_01Q-500x500.jpg 500w, https:\/\/www.innovart.pt\/n2\/wp-content\/uploads\/2020\/07\/viaturas_01Q-1000x1000.jpg 1000w, https:\/\/www.innovart.pt\/n2\/wp-content\/uploads\/2020\/07\/viaturas_01Q-700x700.jpg 700w, https:\/\/www.innovart.pt\/n2\/wp-content\/uploads\/2020\/07\/viaturas_01Q.jpg 1100w\" sizes=\"(max-width: 550px) 100vw, 550px\" \/><\/span>\n                    <a class='portfolio_link_class' href='https:\/\/www.innovart.pt\/n2\/portfolio_page\/decoracao-de-viaturas\/' target='_self'><\/a>\n\t\t\n        <div class=\"portfolio_shader\"><\/div>\n<div class=\"text_holder\">\n\t\t<span class=\"project_category\">\n        <span> In <\/span>\n\t\tDestaque \/ servi\u00e7os    <\/span>\n<h4 class=\"portfolio_title\" > Decora\u00e7\u00e3o de viaturas<\/h4><h6 class=\"portfolio_subtitle\"> <\/h6><\/div>\n<div class=\"icons_holder\">\n\t<div class=\"icons_holder_inner\">\n\t\t\t\t\t<a class='portfolio_lightbox' title='PORTF\u00d3LIO' href='https:\/\/www.innovart.pt\/n2\/wp-content\/uploads\/2020\/07\/viaturas_01Q.jpg' data-rel='prettyPhoto[pretty_photo_gallery]'><\/a>\n\t\t\t\t\t<\/div>\n<\/div>\n\n\n    <\/div>\n<\/article>\t\t\t\t\t<div class='filler'><\/div>\n\t\t\t\t\t\t\t\t\t<div class='filler'><\/div>\n\t\t\t\t\t\t\t\t\t<div class='filler'><\/div>\n\t\t\t\t\t<\/div>\n\t\t\t<div class=\"portfolio_paging\"><span rel=\"3\" class=\"load_more\"><a href=\"https:\/\/www.innovart.pt\/n2\/wp-json\/wp\/v2\/pages\/18626\/page\/2\/\" >Show more<\/a><\/span><\/div>\n\t\t<div class=\"portfolio_paging_loading\"><a href=\"javascript: void(0)\" class=\"qbutton\">Loading...<\/a><\/div>\n\t<\/div>\n[\/vc_column][\/vc_row]<\/p>\n<\/div>","protected":false},"excerpt":{"rendered":"<p>[vc_row row_type=&#8221;row&#8221; use_row_as_full_screen_section=&#8221;no&#8221; type=&#8221;full_width&#8221; text_align=&#8221;left&#8221; background_animation=&#8221;none&#8221; padding_top=&#8221;14&#8243; padding_bottom=&#8221;100&#8243; css_animation=&#8221;&#8221;][vc_column][\/vc_column][\/vc_row]<\/p>\n","protected":false},"author":1,"featured_media":0,"parent":0,"menu_order":0,"comment_status":"closed","ping_status":"closed","template":"","meta":{"_monsterinsights_skip_tracking":false,"_monsterinsights_sitenote_active":false,"_monsterinsights_sitenote_note":"","_monsterinsights_sitenote_category":0},"yoast_head":"<!-- This site is optimized with the Yoast SEO plugin v21.1 - https:\/\/yoast.com\/wordpress\/plugins\/seo\/ -->\n<title>PORTF\u00d3LIO - INNOVART<\/title>\n<meta name=\"robots\" content=\"index, follow, max-snippet:-1, max-image-preview:large, max-video-preview:-1\" \/>\n<link rel=\"canonical\" href=\"https:\/\/www.innovart.pt\/n2\/os-projetos\/\" \/>\n<meta property=\"og:locale\" content=\"pt_PT\" \/>\n<meta property=\"og:type\" content=\"article\" \/>\n<meta property=\"og:title\" content=\"PORTF\u00d3LIO - INNOVART\" \/>\n<meta property=\"og:description\" content=\"[vc_row row_type=&#8221;row&#8221; use_row_as_full_screen_section=&#8221;no&#8221; type=&#8221;full_width&#8221; text_align=&#8221;left&#8221; background_animation=&#8221;none&#8221; padding_top=&#8221;14&#8243; padding_bottom=&#8221;100&#8243; css_animation=&#8221;&#8221;][vc_column][\/vc_column][\/vc_row]\" \/>\n<meta property=\"og:url\" content=\"https:\/\/www.innovart.pt\/n2\/os-projetos\/\" \/>\n<meta property=\"og:site_name\" content=\"INNOVART\" \/>\n<meta property=\"article:modified_time\" content=\"2020-07-10T23:44:09+00:00\" \/>\n<meta name=\"twitter:card\" content=\"summary_large_image\" \/>\n<!-- \/ Yoast SEO plugin. -->","yoast_head_json":{"title":"PORTF\u00d3LIO - INNOVART","robots":{"index":"index","follow":"follow","max-snippet":"max-snippet:-1","max-image-preview":"max-image-preview:large","max-video-preview":"max-video-preview:-1"},"canonical":"https:\/\/www.innovart.pt\/n2\/os-projetos\/","og_locale":"pt_PT","og_type":"article","og_title":"PORTF\u00d3LIO - INNOVART","og_description":"[vc_row row_type=&#8221;row&#8221; use_row_as_full_screen_section=&#8221;no&#8221; type=&#8221;full_width&#8221; text_align=&#8221;left&#8221; background_animation=&#8221;none&#8221; padding_top=&#8221;14&#8243; padding_bottom=&#8221;100&#8243; css_animation=&#8221;&#8221;][vc_column][\/vc_column][\/vc_row]","og_url":"https:\/\/www.innovart.pt\/n2\/os-projetos\/","og_site_name":"INNOVART","article_modified_time":"2020-07-10T23:44:09+00:00","twitter_card":"summary_large_image","schema":{"@context":"https:\/\/schema.org","@graph":[{"@type":"WebPage","@id":"https:\/\/www.innovart.pt\/n2\/os-projetos\/","url":"https:\/\/www.innovart.pt\/n2\/os-projetos\/","name":"PORTF\u00d3LIO - INNOVART","isPartOf":{"@id":"https:\/\/www.innovart.pt\/n2\/#website"},"datePublished":"2014-05-30T14:08:09+00:00","dateModified":"2020-07-10T23:44:09+00:00","breadcrumb":{"@id":"https:\/\/www.innovart.pt\/n2\/os-projetos\/#breadcrumb"},"inLanguage":"pt-PT","potentialAction":[{"@type":"ReadAction","target":["https:\/\/www.innovart.pt\/n2\/os-projetos\/"]}]},{"@type":"BreadcrumbList","@id":"https:\/\/www.innovart.pt\/n2\/os-projetos\/#breadcrumb","itemListElement":[{"@type":"ListItem","position":1,"name":"Home","item":"https:\/\/www.innovart.pt\/n2\/"},{"@type":"ListItem","position":2,"name":"PORTF\u00d3LIO"}]},{"@type":"WebSite","@id":"https:\/\/www.innovart.pt\/n2\/#website","url":"https:\/\/www.innovart.pt\/n2\/","name":"INNOVART","description":"Impress&atilde;o fora de formato","potentialAction":[{"@type":"SearchAction","target":{"@type":"EntryPoint","urlTemplate":"https:\/\/www.innovart.pt\/n2\/?s={search_term_string}"},"query-input":"required name=search_term_string"}],"inLanguage":"pt-PT"}]}},"_links":{"self":[{"href":"https:\/\/www.innovart.pt\/n2\/wp-json\/wp\/v2\/pages\/18626"}],"collection":[{"href":"https:\/\/www.innovart.pt\/n2\/wp-json\/wp\/v2\/pages"}],"about":[{"href":"https:\/\/www.innovart.pt\/n2\/wp-json\/wp\/v2\/types\/page"}],"author":[{"embeddable":true,"href":"https:\/\/www.innovart.pt\/n2\/wp-json\/wp\/v2\/users\/1"}],"replies":[{"embeddable":true,"href":"https:\/\/www.innovart.pt\/n2\/wp-json\/wp\/v2\/comments?post=18626"}],"version-history":[{"count":14,"href":"https:\/\/www.innovart.pt\/n2\/wp-json\/wp\/v2\/pages\/18626\/revisions"}],"predecessor-version":[{"id":21867,"href":"https:\/\/www.innovart.pt\/n2\/wp-json\/wp\/v2\/pages\/18626\/revisions\/21867"}],"wp:attachment":[{"href":"https:\/\/www.innovart.pt\/n2\/wp-json\/wp\/v2\/media?parent=18626"}],"curies":[{"name":"wp","href":"https:\/\/api.w.org\/{rel}","templated":true}]}}