{"id":21481,"date":"2019-07-10T15:32:45","date_gmt":"2019-07-10T15:32:45","guid":{"rendered":"http:\/\/www.innovart.pt\/n2\/?page_id=21481"},"modified":"2025-02-03T16:59:10","modified_gmt":"2025-02-03T16:59:10","slug":"servicos-2","status":"publish","type":"page","link":"https:\/\/www.innovart.pt\/n2\/servicos-2\/","title":{"rendered":"SERVI\u00c7OS"},"content":{"rendered":"<div class=\"wpb-content-wrapper\"><p>[vc_row row_type=&#8221;row&#8221; use_row_as_full_screen_section=&#8221;no&#8221; type=&#8221;full_width&#8221; text_align=&#8221;left&#8221; background_animation=&#8221;none&#8221; padding_top=&#8221;100&#8243; padding_bottom=&#8221;60&#8243; css_animation=&#8221;&#8221; background_color=&#8221;#ffffff&#8221;][vc_column][vc_row_inner row_type=&#8221;row&#8221; type=&#8221;grid&#8221; use_row_as_full_screen_section_slide=&#8221;no&#8221; text_align=&#8221;right&#8221; css_animation=&#8221;&#8221;][vc_column_inner width=&#8221;1\/2&#8243;][vc_column_text]<\/p>\n<h5 style=\"text-align: right;\">INSTALA\u00c7\u00c3O DE LONAS<\/h5>\n<p>[\/vc_column_text][vc_separator type=&#8221;transparent&#8221; border_style=&#8221;&#8221; up=&#8221;20&#8243; down=&#8221;0&#8243;][vc_column_text]Impress\u00e3o e acabamento de lonas de grande formato, servi\u00e7o de montagem. Instalamos em qualquer local, por mais alto que seja, com recurso a alpinismo industrial, plataforma elevat\u00f3ria ou outro tipo de meios. Fazemos estruturas com cabos de a\u00e7o o outros op\u00e7\u00f5es de fixa\u00e7\u00e3o. A nossa longa experi\u00eancia nesta \u00e1rea, ser\u00e1 uma mais valia para avan\u00e7armos com o seu projeto.[\/vc_column_text][vc_separator type=&#8221;transparent&#8221; border_style=&#8221;&#8221; up=&#8221;35&#8243; down=&#8221;0&#8243;]<a href=\"http:\/\/www.innovart.pt\/n2\/portfolio_page\/instalacao-telas\/\" target=\"_self\"  class=\"qbutton  small\" style=\"\">VER MAIS<\/a>[vc_separator type=&#8221;transparent&#8221; border_style=&#8221;&#8221; up=&#8221;40&#8243; down=&#8221;0&#8243;][\/vc_column_inner][vc_column_inner width=&#8221;1\/2&#8243;][vc_single_image image=&#8221;21586&#8243; img_size=&#8221;full&#8221; alignment=&#8221;right&#8221; qode_css_animation=&#8221;&#8221;][vc_separator type=&#8221;transparent&#8221; border_style=&#8221;&#8221; up=&#8221;40&#8243; down=&#8221;0&#8243;][\/vc_column_inner][\/vc_row_inner][vc_row_inner row_type=&#8221;row&#8221; type=&#8221;grid&#8221; use_row_as_full_screen_section_slide=&#8221;no&#8221; text_align=&#8221;left&#8221; css_animation=&#8221;&#8221;][vc_column_inner width=&#8221;1\/2&#8243;][vc_single_image image=&#8221;21554&#8243; img_size=&#8221;full&#8221; qode_css_animation=&#8221;&#8221;][vc_separator type=&#8221;transparent&#8221; border_style=&#8221;&#8221; up=&#8221;40&#8243; down=&#8221;0&#8243;][\/vc_column_inner][vc_column_inner width=&#8221;1\/2&#8243;][vc_column_text]<\/p>\n<h5>DECORA\u00c7\u00c3O DE VIATURAS<\/h5>\n<p>[\/vc_column_text][vc_separator type=&#8221;transparent&#8221; border_style=&#8221;&#8221; up=&#8221;20&#8243; down=&#8221;0&#8243;][vc_column_text]Atrav\u00e9s do recurso \u00e0 impress\u00e3o de vinil com tintas Eco solventes, vinil de recorte em materiais polim\u00e9ricos ou cast de alta qualidade, podemos mudar totalmente o aspecto da sua viatura. Fazemos a impress\u00e3o e aplica\u00e7\u00e3o, mas tamb\u00e9m podemos oferecer a nossa ajuda na concep\u00e7\u00e3o do layout que mais favorece a sua marca.[\/vc_column_text][vc_separator type=&#8221;transparent&#8221; border_style=&#8221;&#8221; up=&#8221;35&#8243; down=&#8221;0&#8243;]<a href=\"http:\/\/www.innovart.pt\/n2\/portfolio_page\/decoracao-de-viaturas\/\" target=\"_self\"  class=\"qbutton  small\" style=\"\">VER MAIS<\/a>[vc_separator type=&#8221;transparent&#8221; border_style=&#8221;&#8221; up=&#8221;40&#8243; down=&#8221;0&#8243;][\/vc_column_inner][\/vc_row_inner][\/vc_column][\/vc_row][vc_row row_type=&#8221;row&#8221; use_row_as_full_screen_section=&#8221;no&#8221; type=&#8221;full_width&#8221; text_align=&#8221;left&#8221; background_animation=&#8221;none&#8221; padding_top=&#8221;100&#8243; padding_bottom=&#8221;60&#8243; css_animation=&#8221;&#8221; background_color=&#8221;#f5f5f5&#8243;][vc_column][vc_row_inner row_type=&#8221;row&#8221; type=&#8221;grid&#8221; use_row_as_full_screen_section_slide=&#8221;no&#8221; text_align=&#8221;right&#8221; css_animation=&#8221;&#8221;][vc_column_inner width=&#8221;1\/2&#8243;][vc_column_text]<\/p>\n<h5 style=\"text-align: right;\">DECORA\u00c7\u00c3O DE ESPA\u00c7OS<\/h5>\n<p>[\/vc_column_text][vc_separator type=&#8221;transparent&#8221; border_style=&#8221;&#8221; up=&#8221;20&#8243; down=&#8221;0&#8243;][vc_column_text]Atrav\u00e9s de materiais como Vinil autocolante e PVC, temos a possibilidade de decorar paredes em espa\u00e7os com temas e imagens apropriados \u00e0 sua marca. Podemos decorar os interiores bem como as montras e fachadas. Quando pensar em iniciar uma nova actividade ou pretender redecorar o seu espa\u00e7o, solicite o nosso servi\u00e7o de consultoria de comunica\u00e7\u00e3o. Com a nossa experi\u00eancia, temos o maior prazer em ajudar com ideias e com as melhores op\u00e7\u00f5es do mercado, podendo assim obter os melhores resultados visuais, no seu espa\u00e7o, loja ou escrit\u00f3rio.[\/vc_column_text][vc_separator type=&#8221;transparent&#8221; border_style=&#8221;&#8221; up=&#8221;35&#8243; down=&#8221;0&#8243;]<a href=\"http:\/\/www.innovart.pt\/n2\/portfolio_page\/decoracao-espacos\/\" target=\"_self\"  class=\"qbutton  small\" style=\"\">VER MAIS<\/a>[vc_separator type=&#8221;transparent&#8221; border_style=&#8221;&#8221; up=&#8221;40&#8243; down=&#8221;0&#8243;][\/vc_column_inner][vc_column_inner width=&#8221;1\/2&#8243;][vc_single_image image=&#8221;21588&#8243; img_size=&#8221;full&#8221; alignment=&#8221;right&#8221; qode_css_animation=&#8221;&#8221;][vc_separator type=&#8221;transparent&#8221; border_style=&#8221;&#8221; up=&#8221;40&#8243; down=&#8221;0&#8243;][\/vc_column_inner][\/vc_row_inner][vc_row_inner row_type=&#8221;row&#8221; type=&#8221;grid&#8221; use_row_as_full_screen_section_slide=&#8221;no&#8221; text_align=&#8221;right&#8221; css_animation=&#8221;&#8221;][vc_column_inner width=&#8221;1\/2&#8243;][vc_single_image image=&#8221;22245&#8243; img_size=&#8221;full&#8221; alignment=&#8221;right&#8221; qode_css_animation=&#8221;&#8221;][vc_separator type=&#8221;transparent&#8221; border_style=&#8221;&#8221; up=&#8221;40&#8243; down=&#8221;0&#8243;][\/vc_column_inner][vc_column_inner width=&#8221;1\/2&#8243;][vc_column_text]<\/p>\n<h5 style=\"text-align: right;\">RECLAMOS EXTERIORES<\/h5>\n<p>[\/vc_column_text][vc_separator type=&#8221;transparent&#8221; border_style=&#8221;&#8221; up=&#8221;20&#8243; down=&#8221;0&#8243;][vc_column_text]Projectamos, produzimos e instalamos reclamos exteriores, com ou sem ilumina\u00e7\u00e3o.<\/p>\n<p>Caixas de luz qualquer formato, letras em monobloco para logotipos com ilumina\u00e7\u00e3o led.\u00a0 Tamb\u00e9m topos exteriores em painel de comp\u00f3sito de alum\u00ednio mais econ\u00f3micos, para frentes de loja.<\/p>\n<p>Todas as solu\u00e7\u00f5es para tornar a sua marca mais consistente e vis\u00edvel no exterior.[\/vc_column_text][vc_separator type=&#8221;transparent&#8221; border_style=&#8221;&#8221; up=&#8221;35&#8243; down=&#8221;0&#8243;]<a href=\"https:\/\/www.innovart.pt\/n2\/portfolio_page\/reclamos-exteriores\/\" target=\"_self\"  class=\"qbutton  small\" style=\"\">Ver mais<\/a>[vc_separator type=&#8221;transparent&#8221; border_style=&#8221;&#8221; up=&#8221;40&#8243; down=&#8221;0&#8243;][\/vc_column_inner][\/vc_row_inner][\/vc_column][\/vc_row][vc_row row_type=&#8221;row&#8221; use_row_as_full_screen_section=&#8221;no&#8221; type=&#8221;full_width&#8221; text_align=&#8221;left&#8221; background_animation=&#8221;none&#8221; padding_top=&#8221;100&#8243; padding_bottom=&#8221;60&#8243; css_animation=&#8221;&#8221; background_color=&#8221;#f5f5f5&#8243; css=&#8221;.vc_custom_1595417031126{background-color: #e0e0e0 !important;}&#8221;][vc_column][vc_row_inner row_type=&#8221;row&#8221; type=&#8221;grid&#8221; use_row_as_full_screen_section_slide=&#8221;no&#8221; text_align=&#8221;right&#8221; css_animation=&#8221;&#8221;][vc_column_inner width=&#8221;1\/2&#8243;][vc_column_text]<\/p>\n<h5 style=\"text-align: right;\">CORTE EM CNC<\/h5>\n<p>[\/vc_column_text][vc_separator type=&#8221;transparent&#8221; border_style=&#8221;&#8221; up=&#8221;20&#8243; down=&#8221;0&#8243;][vc_column_text]Com recurso a CNC com 200x300cm de \u00e1rea \u00fatil, conseguimos fazer qualquer tipo de corte especial: PVC, CART\u00c3O, ACR\u00cdLICO, MADEIRA, MDF, COMPOSITO DE ALUM\u00cdNIO, entre outros.[\/vc_column_text][vc_separator type=&#8221;transparent&#8221; border_style=&#8221;&#8221; up=&#8221;35&#8243; down=&#8221;0&#8243;]<a href=\"http:\/\/www.innovart.pt\/n2\/portfolio_page\/corte-em-cnc\/\" target=\"_self\"  class=\"qbutton  small\" style=\"\">Ver mais<\/a>[vc_separator type=&#8221;transparent&#8221; border_style=&#8221;&#8221; up=&#8221;40&#8243; down=&#8221;0&#8243;][\/vc_column_inner][vc_column_inner width=&#8221;1\/2&#8243;][vc_single_image image=&#8221;22069&#8243; img_size=&#8221;full&#8221; alignment=&#8221;right&#8221; qode_css_animation=&#8221;&#8221;][vc_separator type=&#8221;transparent&#8221; border_style=&#8221;&#8221; up=&#8221;40&#8243; down=&#8221;0&#8243;][\/vc_column_inner][\/vc_row_inner][\/vc_column][\/vc_row][vc_row row_type=&#8221;row&#8221; use_row_as_full_screen_section=&#8221;no&#8221; type=&#8221;full_width&#8221; text_align=&#8221;left&#8221; background_animation=&#8221;none&#8221; padding_top=&#8221;100&#8243; padding_bottom=&#8221;60&#8243; css_animation=&#8221;&#8221; background_color=&#8221;#ffffff&#8221; css=&#8221;.vc_custom_1595416951419{background-color: #ffffff !important;}&#8221;][vc_column][vc_row_inner row_type=&#8221;row&#8221; type=&#8221;grid&#8221; use_row_as_full_screen_section_slide=&#8221;no&#8221; text_align=&#8221;left&#8221; css_animation=&#8221;&#8221; css=&#8221;.vc_custom_1595416921594{background-color: #ffffff !important;}&#8221;][vc_column_inner width=&#8221;1\/2&#8243;][vc_single_image image=&#8221;21547&#8243; img_size=&#8221;full&#8221; qode_css_animation=&#8221;&#8221;][vc_separator type=&#8221;transparent&#8221; border_style=&#8221;&#8221; up=&#8221;40&#8243; down=&#8221;0&#8243;][\/vc_column_inner][vc_column_inner width=&#8221;1\/2&#8243;][vc_column_text]<\/p>\n<h5>DESIGN<\/h5>\n<p>[\/vc_column_text][vc_separator type=&#8221;transparent&#8221; border_style=&#8221;&#8221; up=&#8221;20&#8243; down=&#8221;0&#8243;][vc_column_text]A INNOVART p\u00f5e ao seu dispor uma equipa criativa e experiente, que assegura a conce\u00e7\u00e3o e execu\u00e7\u00e3o de todos os meios essenciais \u00e0 comunica\u00e7\u00e3o da sua empresa, tanto ao n\u00edvel do design como da reda\u00e7\u00e3o de textos.<\/p>\n<p>&nbsp;<\/p>\n<p>Log\u00f3tipos, estacion\u00e1rio, brochuras, cartazes, decora\u00e7\u00e3o de espa\u00e7os, etc.<\/p>\n<p>Conte com a INNOVART para criar a imagem certa para o sucesso da sua marca.[\/vc_column_text][vc_separator type=&#8221;transparent&#8221; border_style=&#8221;&#8221; up=&#8221;35&#8243; down=&#8221;0&#8243;]<a href=\"mailto:geral@innovart.pt\" target=\"_self\"  class=\"qbutton  small\" style=\"\">PEDIR INFORMA\u00c7\u00d4ES<\/a>[vc_separator type=&#8221;transparent&#8221; border_style=&#8221;&#8221; up=&#8221;40&#8243; down=&#8221;0&#8243;][\/vc_column_inner][\/vc_row_inner][\/vc_column][\/vc_row][vc_row row_type=&#8221;row&#8221; use_row_as_full_screen_section=&#8221;no&#8221; type=&#8221;full_width&#8221; text_align=&#8221;left&#8221; background_animation=&#8221;none&#8221; padding_top=&#8221;100&#8243; padding_bottom=&#8221;60&#8243; css_animation=&#8221;&#8221; background_color=&#8221;#f5f5f5&#8243;][vc_column][vc_row_inner row_type=&#8221;row&#8221; type=&#8221;grid&#8221; use_row_as_full_screen_section_slide=&#8221;no&#8221; text_align=&#8221;right&#8221; css_animation=&#8221;&#8221;][vc_column_inner width=&#8221;1\/2&#8243;][vc_column_text]<\/p>\n<h5 style=\"text-align: right;\">GRANDES FORMATOS<\/h5>\n<p>[\/vc_column_text][vc_separator type=&#8221;transparent&#8221; border_style=&#8221;&#8221; up=&#8221;20&#8243; down=&#8221;0&#8243;][vc_column_text]Desde o in\u00edcio da sua exist\u00eancia, a INNOVART deu uma especial aten\u00e7\u00e3o \u00e0 impress\u00e3o de grandes dimens\u00f5es. Nos nossos <a href=\"http:\/\/www.innovart.pt\/n2\/produtos\/\">produtos<\/a> poder\u00e1 ver que fazemos impress\u00e3o em in\u00fameros materiais, fazemos em pequena dimens\u00e3o com alta qualidade, mas tamb\u00e9m com dimens\u00f5es maiores que o habitual. Desta forma poder\u00e1 comunicar e promover o seu neg\u00f3cio sem qualquer limita\u00e7\u00e3o.<\/p>\n<p>Alguns dos principais materiais, em que oferecemos o nosso servi\u00e7o de impress\u00e3o:<\/p>\n<ul>\n<li><a href=\"http:\/\/www.innovart.pt\/n2\/portfolio_page\/vinil-2\/\">Vinil autocolante<\/a><\/li>\n<li><a href=\"http:\/\/www.innovart.pt\/n2\/portfolio_page\/pvc\/\">PVC<\/a><\/li>\n<li><a href=\"http:\/\/www.innovart.pt\/n2\/portfolio_page\/ppa\/\">PPA<\/a><\/li>\n<li><a href=\"http:\/\/www.innovart.pt\/n2\/portfolio_page\/papel\/\">Papeis diversos<\/a><\/li>\n<li><a href=\"http:\/\/www.innovart.pt\/n2\/portfolio_page\/lona\/\">Lonas e Telas<\/a><\/li>\n<\/ul>\n<p>[\/vc_column_text][vc_separator type=&#8221;transparent&#8221; border_style=&#8221;&#8221; up=&#8221;35&#8243; down=&#8221;0&#8243;]<a href=\"mailto:geral@innovart.pt\" target=\"_self\"  class=\"qbutton  small\" style=\"\">CONTACTE-NOS<\/a>[vc_separator type=&#8221;transparent&#8221; border_style=&#8221;&#8221; up=&#8221;40&#8243; down=&#8221;0&#8243;][\/vc_column_inner][vc_column_inner width=&#8221;1\/2&#8243;][vc_single_image image=&#8221;21557&#8243; img_size=&#8221;full&#8221; alignment=&#8221;right&#8221; qode_css_animation=&#8221;&#8221;][vc_separator type=&#8221;transparent&#8221; border_style=&#8221;&#8221; up=&#8221;40&#8243; down=&#8221;0&#8243;][\/vc_column_inner][\/vc_row_inner][vc_row_inner row_type=&#8221;row&#8221; type=&#8221;grid&#8221; use_row_as_full_screen_section_slide=&#8221;no&#8221; text_align=&#8221;left&#8221; css_animation=&#8221;&#8221;][vc_column_inner width=&#8221;1\/2&#8243;][vc_single_image image=&#8221;21549&#8243; img_size=&#8221;full&#8221; qode_css_animation=&#8221;&#8221;][vc_separator type=&#8221;transparent&#8221; border_style=&#8221;&#8221; up=&#8221;40&#8243; down=&#8221;0&#8243;][\/vc_column_inner][vc_column_inner width=&#8221;1\/2&#8243;][vc_column_text]<\/p>\n<h5>PEQUENOS FORMATOS<\/h5>\n<p>[\/vc_column_text][vc_separator type=&#8221;transparent&#8221; border_style=&#8221;&#8221; up=&#8221;20&#8243; down=&#8221;0&#8243;][vc_column_text]Impress\u00e3o de Cart\u00f5es de visita, Flyers, Panfletos, Brochuras e Cartazes<\/p>\n<p>Produ\u00e7\u00e3o de Convites, Envelopes, Papel de carta, Postais<\/p>\n<p>Fotografia e\u00a0Quadros<\/p>\n<p>Podemos auxiliar na sua conce\u00e7\u00e3o, damos o melhor suporte a pre\u00e7os acess\u00edveis.<\/p>\n<p>Apoio t\u00e9cnico &#8211; ajudamos na escolha do material mais adequado, para melhor comunicar a sua ideia.<\/p>\n<p>Produzimos em pequenas quantidades, mas tamb\u00e9m fazemos grandes tiragens, recorrendo \u00e0 nossa rede de parceiros na \u00e1rea do offset.<\/p>\n<p>Como sabemos a import\u00e2ncia do seu tempo, oferecemos prazos r\u00e1pidos de produ\u00e7\u00e3o e uma qualidade acima da m\u00e9dia.[\/vc_column_text][vc_separator type=&#8221;transparent&#8221; border_style=&#8221;&#8221; up=&#8221;35&#8243; down=&#8221;0&#8243;]<a href=\"mailto:geral@innovart.pt\" target=\"_self\"  class=\"qbutton  small\" style=\"\">CONTACTE-NOS<\/a>[vc_separator type=&#8221;transparent&#8221; border_style=&#8221;&#8221; up=&#8221;40&#8243; down=&#8221;0&#8243;][\/vc_column_inner][\/vc_row_inner][vc_row_inner row_type=&#8221;row&#8221; type=&#8221;grid&#8221; use_row_as_full_screen_section_slide=&#8221;no&#8221; text_align=&#8221;right&#8221; css_animation=&#8221;&#8221;][vc_column_inner width=&#8221;1\/2&#8243;][vc_column_text]<\/p>\n<h5 style=\"text-align: right;\">PROTE\u00c7\u00c3O SOLAR<\/h5>\n<p>[\/vc_column_text][vc_separator type=&#8221;transparent&#8221; border_style=&#8221;&#8221; up=&#8221;20&#8243; down=&#8221;0&#8243;][vc_column_text]Aplica\u00e7\u00e3o de pel\u00edculas de prote\u00e7\u00e3o solar em vidros de edif\u00edcios ou lojas. Estes produtos aumentam a efici\u00eancia energ\u00e9tica do local e reduz os efeitos nocivos dos raios UV em locais mais expostos a radia\u00e7\u00e3o solar.[\/vc_column_text][vc_separator type=&#8221;transparent&#8221; border_style=&#8221;&#8221; up=&#8221;35&#8243; down=&#8221;0&#8243;]<a href=\"https:\/\/www.innovart.pt\/n2\/protecao-solar\/\" target=\"_self\"  class=\"qbutton  small\" style=\"\">VER PRODUTOS<\/a>[vc_separator type=&#8221;transparent&#8221; border_style=&#8221;&#8221; up=&#8221;40&#8243; down=&#8221;0&#8243;][\/vc_column_inner][vc_column_inner width=&#8221;1\/2&#8243;][vc_single_image image=&#8221;22481&#8243; img_size=&#8221;full&#8221; alignment=&#8221;right&#8221; qode_css_animation=&#8221;&#8221;][vc_separator type=&#8221;transparent&#8221; border_style=&#8221;&#8221; up=&#8221;40&#8243; down=&#8221;0&#8243;][\/vc_column_inner][\/vc_row_inner][\/vc_column][\/vc_row]<\/p>\n<\/div>","protected":false},"excerpt":{"rendered":"<p>[vc_row row_type=&#8221;row&#8221; use_row_as_full_screen_section=&#8221;no&#8221; type=&#8221;full_width&#8221; text_align=&#8221;left&#8221; background_animation=&#8221;none&#8221; padding_top=&#8221;100&#8243; padding_bottom=&#8221;60&#8243; css_animation=&#8221;&#8221; background_color=&#8221;#ffffff&#8221;][vc_column][vc_row_inner row_type=&#8221;row&#8221; type=&#8221;grid&#8221; use_row_as_full_screen_section_slide=&#8221;no&#8221; text_align=&#8221;right&#8221; css_animation=&#8221;&#8221;][vc_column_inner width=&#8221;1\/2&#8243;][vc_column_text] INSTALA\u00c7\u00c3O DE LONAS [\/vc_column_text][vc_separator type=&#8221;transparent&#8221; border_style=&#8221;&#8221; up=&#8221;20&#8243; down=&#8221;0&#8243;][vc_column_text]Impress\u00e3o e acabamento de lonas de grande formato, servi\u00e7o de montagem. Instalamos em qualquer local, por mais alto que seja, com recurso&#8230;<\/p>\n","protected":false},"author":1,"featured_media":0,"parent":0,"menu_order":0,"comment_status":"closed","ping_status":"closed","template":"full_width.php","meta":{"_monsterinsights_skip_tracking":false,"_monsterinsights_sitenote_active":false,"_monsterinsights_sitenote_note":"","_monsterinsights_sitenote_category":0},"yoast_head":"<!-- This site is optimized with the Yoast SEO plugin v21.1 - https:\/\/yoast.com\/wordpress\/plugins\/seo\/ -->\n<title>SERVI\u00c7OS - INNOVART<\/title>\n<meta name=\"description\" content=\"Servi\u00e7os de produ\u00e7\u00e3o gr\u00e1fica, impress\u00e3o, decora\u00e7\u00e3o de viaturas, decora\u00e7\u00e3o de espa\u00e7os comerciais, reclamos e lonas para fachadas.\" \/>\n<meta name=\"robots\" content=\"index, follow, max-snippet:-1, max-image-preview:large, max-video-preview:-1\" \/>\n<link rel=\"canonical\" href=\"https:\/\/www.innovart.pt\/n2\/servicos-2\/\" \/>\n<meta property=\"og:locale\" content=\"pt_PT\" \/>\n<meta property=\"og:type\" content=\"article\" \/>\n<meta property=\"og:title\" content=\"SERVI\u00c7OS - INNOVART\" \/>\n<meta property=\"og:description\" content=\"Servi\u00e7os de produ\u00e7\u00e3o gr\u00e1fica, impress\u00e3o, decora\u00e7\u00e3o de viaturas, decora\u00e7\u00e3o de espa\u00e7os comerciais, reclamos e lonas para fachadas.\" \/>\n<meta property=\"og:url\" content=\"https:\/\/www.innovart.pt\/n2\/servicos-2\/\" \/>\n<meta property=\"og:site_name\" content=\"INNOVART\" \/>\n<meta property=\"article:modified_time\" content=\"2025-02-03T16:59:10+00:00\" \/>\n<meta name=\"twitter:card\" content=\"summary_large_image\" \/>\n<meta name=\"twitter:label1\" content=\"Tempo estimado de leitura\" \/>\n\t<meta name=\"twitter:data1\" content=\"5 minutos\" \/>\n<!-- \/ Yoast SEO plugin. -->","yoast_head_json":{"title":"SERVI\u00c7OS - INNOVART","description":"Servi\u00e7os de produ\u00e7\u00e3o gr\u00e1fica, impress\u00e3o, decora\u00e7\u00e3o de viaturas, decora\u00e7\u00e3o de espa\u00e7os comerciais, reclamos e lonas para fachadas.","robots":{"index":"index","follow":"follow","max-snippet":"max-snippet:-1","max-image-preview":"max-image-preview:large","max-video-preview":"max-video-preview:-1"},"canonical":"https:\/\/www.innovart.pt\/n2\/servicos-2\/","og_locale":"pt_PT","og_type":"article","og_title":"SERVI\u00c7OS - INNOVART","og_description":"Servi\u00e7os de produ\u00e7\u00e3o gr\u00e1fica, impress\u00e3o, decora\u00e7\u00e3o de viaturas, decora\u00e7\u00e3o de espa\u00e7os comerciais, reclamos e lonas para fachadas.","og_url":"https:\/\/www.innovart.pt\/n2\/servicos-2\/","og_site_name":"INNOVART","article_modified_time":"2025-02-03T16:59:10+00:00","twitter_card":"summary_large_image","twitter_misc":{"Tempo estimado de leitura":"5 minutos"},"schema":{"@context":"https:\/\/schema.org","@graph":[{"@type":"WebPage","@id":"https:\/\/www.innovart.pt\/n2\/servicos-2\/","url":"https:\/\/www.innovart.pt\/n2\/servicos-2\/","name":"SERVI\u00c7OS - INNOVART","isPartOf":{"@id":"https:\/\/www.innovart.pt\/n2\/#website"},"datePublished":"2019-07-10T15:32:45+00:00","dateModified":"2025-02-03T16:59:10+00:00","description":"Servi\u00e7os de produ\u00e7\u00e3o gr\u00e1fica, impress\u00e3o, decora\u00e7\u00e3o de viaturas, decora\u00e7\u00e3o de espa\u00e7os comerciais, reclamos e lonas para fachadas.","breadcrumb":{"@id":"https:\/\/www.innovart.pt\/n2\/servicos-2\/#breadcrumb"},"inLanguage":"pt-PT","potentialAction":[{"@type":"ReadAction","target":["https:\/\/www.innovart.pt\/n2\/servicos-2\/"]}]},{"@type":"BreadcrumbList","@id":"https:\/\/www.innovart.pt\/n2\/servicos-2\/#breadcrumb","itemListElement":[{"@type":"ListItem","position":1,"name":"Home","item":"https:\/\/www.innovart.pt\/n2\/"},{"@type":"ListItem","position":2,"name":"SERVI\u00c7OS"}]},{"@type":"WebSite","@id":"https:\/\/www.innovart.pt\/n2\/#website","url":"https:\/\/www.innovart.pt\/n2\/","name":"INNOVART","description":"Impress&atilde;o fora de formato","potentialAction":[{"@type":"SearchAction","target":{"@type":"EntryPoint","urlTemplate":"https:\/\/www.innovart.pt\/n2\/?s={search_term_string}"},"query-input":"required name=search_term_string"}],"inLanguage":"pt-PT"}]}},"_links":{"self":[{"href":"https:\/\/www.innovart.pt\/n2\/wp-json\/wp\/v2\/pages\/21481"}],"collection":[{"href":"https:\/\/www.innovart.pt\/n2\/wp-json\/wp\/v2\/pages"}],"about":[{"href":"https:\/\/www.innovart.pt\/n2\/wp-json\/wp\/v2\/types\/page"}],"author":[{"embeddable":true,"href":"https:\/\/www.innovart.pt\/n2\/wp-json\/wp\/v2\/users\/1"}],"replies":[{"embeddable":true,"href":"https:\/\/www.innovart.pt\/n2\/wp-json\/wp\/v2\/comments?post=21481"}],"version-history":[{"count":75,"href":"https:\/\/www.innovart.pt\/n2\/wp-json\/wp\/v2\/pages\/21481\/revisions"}],"predecessor-version":[{"id":22670,"href":"https:\/\/www.innovart.pt\/n2\/wp-json\/wp\/v2\/pages\/21481\/revisions\/22670"}],"wp:attachment":[{"href":"https:\/\/www.innovart.pt\/n2\/wp-json\/wp\/v2\/media?parent=21481"}],"curies":[{"name":"wp","href":"https:\/\/api.w.org\/{rel}","templated":true}]}}