{"id":22141,"date":"2020-07-26T19:06:36","date_gmt":"2020-07-26T19:06:36","guid":{"rendered":"http:\/\/www.innovart.pt\/n2\/?page_id=22141"},"modified":"2020-07-26T19:20:52","modified_gmt":"2020-07-26T19:20:52","slug":"artigos-covid","status":"publish","type":"page","link":"https:\/\/www.innovart.pt\/n2\/artigos-covid\/","title":{"rendered":"ARTIGOS COVID"},"content":{"rendered":"<div class=\"wpb-content-wrapper\"><p>[vc_row row_type=&#8221;row&#8221; use_row_as_full_screen_section=&#8221;no&#8221; type=&#8221;full_width&#8221; text_align=&#8221;left&#8221; background_animation=&#8221;none&#8221; padding_top=&#8221;100&#8243; padding_bottom=&#8221;60&#8243; css_animation=&#8221;&#8221; background_color=&#8221;#ffffff&#8221;][vc_column][vc_row_inner row_type=&#8221;row&#8221; type=&#8221;grid&#8221; use_row_as_full_screen_section_slide=&#8221;no&#8221; text_align=&#8221;right&#8221; css_animation=&#8221;&#8221;][vc_column_inner width=&#8221;1\/2&#8243;][vc_column_text]<\/p>\n<h5 style=\"text-align: right;\">ARTIGOS PARA COMUNICA\u00c7\u00c3O COVID<\/h5>\n<p>[\/vc_column_text][vc_separator type=&#8221;transparent&#8221; border_style=&#8221;&#8221; up=&#8221;20&#8243; down=&#8221;0&#8243;][vc_column_text]Concep\u00e7\u00e3o, produ\u00e7\u00e3o e montagem de sinal\u00e9tica de comunica\u00e7\u00e3o COVID. Tudo o que necessita para, comunica\u00e7\u00e3o de normas e cuidados a ter dentro do seu estabelecimento.[\/vc_column_text][vc_separator type=&#8221;transparent&#8221; border_style=&#8221;&#8221; up=&#8221;35&#8243; down=&#8221;0&#8243;]<a href=\"http:\/\/www.innovart.pt\/n2\/portfolio_page\/artigos-v\/\" target=\"_self\"  class=\"qbutton  small\" style=\"\">VEJA MAIS<\/a>[vc_separator type=&#8221;transparent&#8221; border_style=&#8221;&#8221; up=&#8221;40&#8243; down=&#8221;0&#8243;][\/vc_column_inner][vc_column_inner width=&#8221;1\/2&#8243;][vc_single_image image=&#8221;22152&#8243; img_size=&#8221;full&#8221; alignment=&#8221;right&#8221; qode_css_animation=&#8221;&#8221;][vc_separator type=&#8221;transparent&#8221; border_style=&#8221;&#8221; up=&#8221;40&#8243; down=&#8221;0&#8243;][\/vc_column_inner][\/vc_row_inner][vc_row_inner row_type=&#8221;row&#8221; type=&#8221;grid&#8221; use_row_as_full_screen_section_slide=&#8221;no&#8221; text_align=&#8221;left&#8221; css_animation=&#8221;&#8221;][vc_column_inner width=&#8221;1\/2&#8243;][vc_single_image image=&#8221;22107&#8243; img_size=&#8221;full&#8221; qode_css_animation=&#8221;&#8221;][vc_separator type=&#8221;transparent&#8221; border_style=&#8221;&#8221; up=&#8221;40&#8243; down=&#8221;0&#8243;][\/vc_column_inner][vc_column_inner width=&#8221;1\/2&#8243;][vc_column_text]<\/p>\n<h5>SEPARADORES ACR\u00cdLICOS<\/h5>\n<p>[\/vc_column_text][vc_separator type=&#8221;transparent&#8221; border_style=&#8221;&#8221; up=&#8221;20&#8243; down=&#8221;0&#8243;][vc_column_text]Atrav\u00e9s do recurso \u00e0 impress\u00e3o de vinil em com tintas Ecosolventes ou vinil de recorte em materiais polim\u00e9ricos ou cast de alta qualidade, podemos mudar totalmente o aspecto da sua viatura. Fazemos a impress\u00e3o e aplica\u00e7\u00e3o, mas tamb\u00e9m podemos oferecer a nossa ajuda na concep\u00e7\u00e3o do layout que mais favorece a sua marca.<\/p>\n<p>[\/vc_column_text][vc_separator type=&#8221;transparent&#8221; border_style=&#8221;&#8221; up=&#8221;35&#8243; down=&#8221;0&#8243;]<a href=\"http:\/\/www.innovart.pt\/n2\/portfolio_page\/separadores-acrilicos\/\" target=\"_self\"  class=\"qbutton  small\" style=\"\">VER MAIS<\/a>[vc_separator type=&#8221;transparent&#8221; border_style=&#8221;&#8221; up=&#8221;40&#8243; down=&#8221;0&#8243;][\/vc_column_inner][\/vc_row_inner][\/vc_column][\/vc_row]<\/p>\n<\/div>","protected":false},"excerpt":{"rendered":"<p>[vc_row row_type=&#8221;row&#8221; use_row_as_full_screen_section=&#8221;no&#8221; type=&#8221;full_width&#8221; text_align=&#8221;left&#8221; background_animation=&#8221;none&#8221; padding_top=&#8221;100&#8243; padding_bottom=&#8221;60&#8243; css_animation=&#8221;&#8221; background_color=&#8221;#ffffff&#8221;][vc_column][vc_row_inner row_type=&#8221;row&#8221; type=&#8221;grid&#8221; use_row_as_full_screen_section_slide=&#8221;no&#8221; text_align=&#8221;right&#8221; css_animation=&#8221;&#8221;][vc_column_inner width=&#8221;1\/2&#8243;][vc_column_text] ARTIGOS PARA COMUNICA\u00c7\u00c3O COVID [\/vc_column_text][vc_separator type=&#8221;transparent&#8221; border_style=&#8221;&#8221; up=&#8221;20&#8243; down=&#8221;0&#8243;][vc_column_text]Concep\u00e7\u00e3o, produ\u00e7\u00e3o e montagem de sinal\u00e9tica de comunica\u00e7\u00e3o COVID. Tudo o que necessita para, comunica\u00e7\u00e3o de normas e cuidados a ter&#8230;<\/p>\n","protected":false},"author":1,"featured_media":0,"parent":0,"menu_order":0,"comment_status":"closed","ping_status":"closed","template":"full_width.php","meta":{"_monsterinsights_skip_tracking":false,"_monsterinsights_sitenote_active":false,"_monsterinsights_sitenote_note":"","_monsterinsights_sitenote_category":0},"yoast_head":"<!-- This site is optimized with the Yoast SEO plugin v21.1 - https:\/\/yoast.com\/wordpress\/plugins\/seo\/ -->\n<title>ARTIGOS COVID - INNOVART<\/title>\n<meta name=\"robots\" content=\"index, follow, max-snippet:-1, max-image-preview:large, max-video-preview:-1\" \/>\n<link rel=\"canonical\" href=\"https:\/\/www.innovart.pt\/n2\/artigos-covid\/\" \/>\n<meta property=\"og:locale\" content=\"pt_PT\" \/>\n<meta property=\"og:type\" content=\"article\" \/>\n<meta property=\"og:title\" content=\"ARTIGOS COVID - INNOVART\" \/>\n<meta property=\"og:description\" content=\"[vc_row row_type=&#8221;row&#8221; use_row_as_full_screen_section=&#8221;no&#8221; type=&#8221;full_width&#8221; text_align=&#8221;left&#8221; background_animation=&#8221;none&#8221; padding_top=&#8221;100&#8243; padding_bottom=&#8221;60&#8243; css_animation=&#8221;&#8221; background_color=&#8221;#ffffff&#8221;][vc_column][vc_row_inner row_type=&#8221;row&#8221; type=&#8221;grid&#8221; use_row_as_full_screen_section_slide=&#8221;no&#8221; text_align=&#8221;right&#8221; css_animation=&#8221;&#8221;][vc_column_inner width=&#8221;1\/2&#8243;][vc_column_text] ARTIGOS PARA COMUNICA\u00c7\u00c3O COVID [\/vc_column_text][vc_separator type=&#8221;transparent&#8221; border_style=&#8221;&#8221; up=&#8221;20&#8243; down=&#8221;0&#8243;][vc_column_text]Concep\u00e7\u00e3o, produ\u00e7\u00e3o e montagem de sinal\u00e9tica de comunica\u00e7\u00e3o COVID. Tudo o que necessita para, comunica\u00e7\u00e3o de normas e cuidados a ter...\" \/>\n<meta property=\"og:url\" content=\"https:\/\/www.innovart.pt\/n2\/artigos-covid\/\" \/>\n<meta property=\"og:site_name\" content=\"INNOVART\" \/>\n<meta property=\"article:modified_time\" content=\"2020-07-26T19:20:52+00:00\" \/>\n<meta name=\"twitter:card\" content=\"summary_large_image\" \/>\n<meta name=\"twitter:label1\" content=\"Tempo estimado de leitura\" \/>\n\t<meta name=\"twitter:data1\" content=\"2 minutos\" \/>\n<!-- \/ Yoast SEO plugin. -->","yoast_head_json":{"title":"ARTIGOS COVID - INNOVART","robots":{"index":"index","follow":"follow","max-snippet":"max-snippet:-1","max-image-preview":"max-image-preview:large","max-video-preview":"max-video-preview:-1"},"canonical":"https:\/\/www.innovart.pt\/n2\/artigos-covid\/","og_locale":"pt_PT","og_type":"article","og_title":"ARTIGOS COVID - INNOVART","og_description":"[vc_row row_type=&#8221;row&#8221; use_row_as_full_screen_section=&#8221;no&#8221; type=&#8221;full_width&#8221; text_align=&#8221;left&#8221; background_animation=&#8221;none&#8221; padding_top=&#8221;100&#8243; padding_bottom=&#8221;60&#8243; css_animation=&#8221;&#8221; background_color=&#8221;#ffffff&#8221;][vc_column][vc_row_inner row_type=&#8221;row&#8221; type=&#8221;grid&#8221; use_row_as_full_screen_section_slide=&#8221;no&#8221; text_align=&#8221;right&#8221; css_animation=&#8221;&#8221;][vc_column_inner width=&#8221;1\/2&#8243;][vc_column_text] ARTIGOS PARA COMUNICA\u00c7\u00c3O COVID [\/vc_column_text][vc_separator type=&#8221;transparent&#8221; border_style=&#8221;&#8221; up=&#8221;20&#8243; down=&#8221;0&#8243;][vc_column_text]Concep\u00e7\u00e3o, produ\u00e7\u00e3o e montagem de sinal\u00e9tica de comunica\u00e7\u00e3o COVID. Tudo o que necessita para, comunica\u00e7\u00e3o de normas e cuidados a ter...","og_url":"https:\/\/www.innovart.pt\/n2\/artigos-covid\/","og_site_name":"INNOVART","article_modified_time":"2020-07-26T19:20:52+00:00","twitter_card":"summary_large_image","twitter_misc":{"Tempo estimado de leitura":"2 minutos"},"schema":{"@context":"https:\/\/schema.org","@graph":[{"@type":"WebPage","@id":"https:\/\/www.innovart.pt\/n2\/artigos-covid\/","url":"https:\/\/www.innovart.pt\/n2\/artigos-covid\/","name":"ARTIGOS COVID - INNOVART","isPartOf":{"@id":"https:\/\/www.innovart.pt\/n2\/#website"},"datePublished":"2020-07-26T19:06:36+00:00","dateModified":"2020-07-26T19:20:52+00:00","breadcrumb":{"@id":"https:\/\/www.innovart.pt\/n2\/artigos-covid\/#breadcrumb"},"inLanguage":"pt-PT","potentialAction":[{"@type":"ReadAction","target":["https:\/\/www.innovart.pt\/n2\/artigos-covid\/"]}]},{"@type":"BreadcrumbList","@id":"https:\/\/www.innovart.pt\/n2\/artigos-covid\/#breadcrumb","itemListElement":[{"@type":"ListItem","position":1,"name":"Home","item":"https:\/\/www.innovart.pt\/n2\/"},{"@type":"ListItem","position":2,"name":"ARTIGOS COVID"}]},{"@type":"WebSite","@id":"https:\/\/www.innovart.pt\/n2\/#website","url":"https:\/\/www.innovart.pt\/n2\/","name":"INNOVART","description":"Impress&atilde;o fora de formato","potentialAction":[{"@type":"SearchAction","target":{"@type":"EntryPoint","urlTemplate":"https:\/\/www.innovart.pt\/n2\/?s={search_term_string}"},"query-input":"required name=search_term_string"}],"inLanguage":"pt-PT"}]}},"_links":{"self":[{"href":"https:\/\/www.innovart.pt\/n2\/wp-json\/wp\/v2\/pages\/22141"}],"collection":[{"href":"https:\/\/www.innovart.pt\/n2\/wp-json\/wp\/v2\/pages"}],"about":[{"href":"https:\/\/www.innovart.pt\/n2\/wp-json\/wp\/v2\/types\/page"}],"author":[{"embeddable":true,"href":"https:\/\/www.innovart.pt\/n2\/wp-json\/wp\/v2\/users\/1"}],"replies":[{"embeddable":true,"href":"https:\/\/www.innovart.pt\/n2\/wp-json\/wp\/v2\/comments?post=22141"}],"version-history":[{"count":8,"href":"https:\/\/www.innovart.pt\/n2\/wp-json\/wp\/v2\/pages\/22141\/revisions"}],"predecessor-version":[{"id":22154,"href":"https:\/\/www.innovart.pt\/n2\/wp-json\/wp\/v2\/pages\/22141\/revisions\/22154"}],"wp:attachment":[{"href":"https:\/\/www.innovart.pt\/n2\/wp-json\/wp\/v2\/media?parent=22141"}],"curies":[{"name":"wp","href":"https:\/\/api.w.org\/{rel}","templated":true}]}}