{"id":22294,"date":"2021-02-24T17:11:22","date_gmt":"2021-02-24T17:11:22","guid":{"rendered":"https:\/\/www.innovart.pt\/n2\/?page_id=22294"},"modified":"2024-01-16T19:34:49","modified_gmt":"2024-01-16T19:34:49","slug":"home07","status":"publish","type":"page","link":"https:\/\/www.innovart.pt\/n2\/","title":{"rendered":"Impress\u00e3o fora de formato"},"content":{"rendered":"<div class=\"wpb-content-wrapper\"><p>[vc_row row_type=&#8221;row&#8221; use_row_as_full_screen_section=&#8221;no&#8221; type=&#8221;full_width&#8221; text_align=&#8221;left&#8221; background_animation=&#8221;none&#8221; css_animation=&#8221;&#8221; background_color=&#8221;#ffffff&#8221;][vc_column][vc_row_inner row_type=&#8221;row&#8221; type=&#8221;grid&#8221; use_row_as_full_screen_section_slide=&#8221;no&#8221; text_align=&#8221;left&#8221; padding_top=&#8221;80&#8243; padding_bottom=&#8221;80&#8243; css_animation=&#8221;&#8221; background_color=&#8221;#ffffff&#8221; css=&#8221;.vc_custom_1561074267665{background-color: #38d430 !important;}&#8221;][vc_column_inner][vc_separator type=&#8221;transparent&#8221; border_style=&#8221;&#8221; up=&#8221;20&#8243; down=&#8221;0&#8243;][vc_column_text]<\/p>\n<h3><span style=\"color: #ffffff;\"><strong>IMPRESS\u00c3O, <\/strong><\/span><span style=\"color: #ffffff;\"><strong>PRODU\u00c7\u00c3O <\/strong><\/span><span style=\"color: #ffffff;\"><strong>E MONTAGENS<\/strong><\/span><\/h3>\n<p>[\/vc_column_text][vc_separator type=&#8221;transparent&#8221; border_style=&#8221;&#8221; up=&#8221;20&#8243; down=&#8221;0&#8243;][vc_column_text]<\/p>\n<h6><span style=\"color: #ffffff;\"><strong>&#8220;Impress\u00e3o Fora de Formato: Expandindo Horizontes, Ampliando Vis\u00f5es&#8221;<\/strong><\/span><\/h6>\n<h6><span style=\"color: #ffffff;\"><strong>Adotamos o lema &#8220;Impress\u00e3o Fora de Formato&#8221;, refletindo o nosso compromisso em dar \u00e0 sua marca, a visibilidade que ela merece, sem limites para a criatividade&#8230;<\/strong><\/span><\/h6>\n<h6><span style=\"color: #ffffff;\"><strong>Produzimos desde um simples cart\u00e3o de visita ao maior outdoor da cidade. Da impress\u00e3o ao recorte em vinil, como corte de madeira. Decoramos desde a mais pequena loja, \u00e0 maior cadeia de supermercados. Qualquer que seja o desafio, criamos solu\u00e7\u00f5es \u00e0 sua medida.<span class=\"Apple-converted-space\">\u00a0<\/span><\/strong><\/span><\/h6>\n<p>[\/vc_column_text][vc_separator type=&#8221;transparent&#8221; border_style=&#8221;&#8221; up=&#8221;20&#8243; down=&#8221;0&#8243;]<a href=\"mailto:orcamentos@innovart.pt\" target=\"_self\" data-hover-background-color=#ffffff data-hover-color=#727272 class=\"qbutton \" style=\"color: #38d430; background-color: #5b5b5b;\">PEDIR OR\u00c7AMENTO<\/a>[\/vc_column_inner][\/vc_row_inner][\/vc_column][\/vc_row][vc_row row_type=&#8221;row&#8221; use_row_as_full_screen_section=&#8221;no&#8221; type=&#8221;grid&#8221; text_align=&#8221;left&#8221; background_animation=&#8221;none&#8221; css_animation=&#8221;&#8221; background_color=&#8221;#ffffff&#8221;][vc_column][vc_separator type=&#8221;transparent&#8221; border_style=&#8221;&#8221; up=&#8221;20&#8243; down=&#8221;0&#8243;][vc_separator type=&#8221;transparent&#8221; border_style=&#8221;&#8221; up=&#8221;20&#8243; down=&#8221;0&#8243;]<div class='projects_holder_outer v3 portfolio_with_space portfolio_with_hover_text  qode-filter-position-top'>\n\t\t\n\t<div class='projects_holder clearfix v3 hover_text portfolio_square_image '>\n\t\t<article class=\"mix portfolio_category_129 portfolio_category_128\">\n    <div class='image_holder default_hover'>\n        \n<span class='image'><img width=\"550\" height=\"550\" src=\"https:\/\/www.innovart.pt\/n2\/wp-content\/uploads\/2020\/07\/CNC_02-550x550.jpg\" class=\"attachment-portfolio-square size-portfolio-square wp-post-image\" alt=\"\" decoding=\"async\" loading=\"lazy\" srcset=\"https:\/\/www.innovart.pt\/n2\/wp-content\/uploads\/2020\/07\/CNC_02-550x550.jpg 550w, https:\/\/www.innovart.pt\/n2\/wp-content\/uploads\/2020\/07\/CNC_02-150x150.jpg 150w, https:\/\/www.innovart.pt\/n2\/wp-content\/uploads\/2020\/07\/CNC_02-500x500.jpg 500w\" sizes=\"(max-width: 550px) 100vw, 550px\" \/><\/span>\n                    <a class='portfolio_link_class' href='https:\/\/www.innovart.pt\/n2\/portfolio_page\/decoracao-espacos\/' target='_self'><\/a>\n\t\t\n        <div class=\"portfolio_shader\"><\/div>\n<div class=\"text_holder\">\n\t\t<span class=\"project_category\">\n        <span> In <\/span>\n\t\tDestaque \/ servi\u00e7os    <\/span>\n<h5 class=\"portfolio_title\" > Decora\u00e7\u00e3o de espa\u00e7os<\/h5><h6 class=\"portfolio_subtitle\"> <\/h6><\/div>\n<div class=\"icons_holder\">\n\t<div class=\"icons_holder_inner\">\n\t\t\t\t\t<\/div>\n<\/div>\n\n\n\n    <\/div>\n<\/article>\n<article class=\"mix portfolio_category_129 portfolio_category_128\">\n    <div class='image_holder default_hover'>\n        \n<span class='image'><img width=\"550\" height=\"550\" src=\"https:\/\/www.innovart.pt\/n2\/wp-content\/uploads\/2019\/07\/Lonas_telaoptylon-550x550.jpg\" class=\"attachment-portfolio-square size-portfolio-square wp-post-image\" alt=\"\" decoding=\"async\" loading=\"lazy\" srcset=\"https:\/\/www.innovart.pt\/n2\/wp-content\/uploads\/2019\/07\/Lonas_telaoptylon-550x550.jpg 550w, https:\/\/www.innovart.pt\/n2\/wp-content\/uploads\/2019\/07\/Lonas_telaoptylon-150x150.jpg 150w, https:\/\/www.innovart.pt\/n2\/wp-content\/uploads\/2019\/07\/Lonas_telaoptylon-500x500.jpg 500w\" sizes=\"(max-width: 550px) 100vw, 550px\" \/><\/span>\n                    <a class='portfolio_link_class' href='https:\/\/www.innovart.pt\/n2\/portfolio_page\/lonas-publicitarias\/' target='_self'><\/a>\n\t\t\n        <div class=\"portfolio_shader\"><\/div>\n<div class=\"text_holder\">\n\t\t<span class=\"project_category\">\n        <span> In <\/span>\n\t\tDestaque \/ servi\u00e7os    <\/span>\n<h5 class=\"portfolio_title\" > Lonas Publicit\u00e1rias<\/h5><h6 class=\"portfolio_subtitle\"> <\/h6><\/div>\n<div class=\"icons_holder\">\n\t<div class=\"icons_holder_inner\">\n\t\t\t\t\t<\/div>\n<\/div>\n\n\n\n    <\/div>\n<\/article>\n<article class=\"mix portfolio_category_129 portfolio_category_128\">\n    <div class='image_holder default_hover'>\n        \n<span class='image'><img width=\"550\" height=\"550\" src=\"https:\/\/www.innovart.pt\/n2\/wp-content\/uploads\/2020\/07\/viaturas_01Q-550x550.jpg\" class=\"attachment-portfolio-square size-portfolio-square wp-post-image\" alt=\"\" decoding=\"async\" loading=\"lazy\" srcset=\"https:\/\/www.innovart.pt\/n2\/wp-content\/uploads\/2020\/07\/viaturas_01Q-550x550.jpg 550w, https:\/\/www.innovart.pt\/n2\/wp-content\/uploads\/2020\/07\/viaturas_01Q-300x300.jpg 300w, https:\/\/www.innovart.pt\/n2\/wp-content\/uploads\/2020\/07\/viaturas_01Q-1024x1024.jpg 1024w, https:\/\/www.innovart.pt\/n2\/wp-content\/uploads\/2020\/07\/viaturas_01Q-150x150.jpg 150w, https:\/\/www.innovart.pt\/n2\/wp-content\/uploads\/2020\/07\/viaturas_01Q-768x768.jpg 768w, https:\/\/www.innovart.pt\/n2\/wp-content\/uploads\/2020\/07\/viaturas_01Q-500x500.jpg 500w, https:\/\/www.innovart.pt\/n2\/wp-content\/uploads\/2020\/07\/viaturas_01Q-1000x1000.jpg 1000w, https:\/\/www.innovart.pt\/n2\/wp-content\/uploads\/2020\/07\/viaturas_01Q-700x700.jpg 700w, https:\/\/www.innovart.pt\/n2\/wp-content\/uploads\/2020\/07\/viaturas_01Q.jpg 1100w\" sizes=\"(max-width: 550px) 100vw, 550px\" \/><\/span>\n                    <a class='portfolio_link_class' href='https:\/\/www.innovart.pt\/n2\/portfolio_page\/decoracao-de-viaturas\/' target='_self'><\/a>\n\t\t\n        <div class=\"portfolio_shader\"><\/div>\n<div class=\"text_holder\">\n\t\t<span class=\"project_category\">\n        <span> In <\/span>\n\t\tDestaque \/ servi\u00e7os    <\/span>\n<h5 class=\"portfolio_title\" > Decora\u00e7\u00e3o de viaturas<\/h5><h6 class=\"portfolio_subtitle\"> <\/h6><\/div>\n<div class=\"icons_holder\">\n\t<div class=\"icons_holder_inner\">\n\t\t\t\t\t<\/div>\n<\/div>\n\n\n\n    <\/div>\n<\/article>\n<article class=\"mix portfolio_category_129 portfolio_category_127\">\n    <div class='image_holder default_hover'>\n        \n<span class='image'><img width=\"550\" height=\"550\" src=\"https:\/\/www.innovart.pt\/n2\/wp-content\/uploads\/2020\/07\/estaesta_l-1-550x550.jpg\" class=\"attachment-portfolio-square size-portfolio-square wp-post-image\" alt=\"\" decoding=\"async\" loading=\"lazy\" srcset=\"https:\/\/www.innovart.pt\/n2\/wp-content\/uploads\/2020\/07\/estaesta_l-1-550x550.jpg 550w, https:\/\/www.innovart.pt\/n2\/wp-content\/uploads\/2020\/07\/estaesta_l-1-150x150.jpg 150w, https:\/\/www.innovart.pt\/n2\/wp-content\/uploads\/2020\/07\/estaesta_l-1-500x500.jpg 500w\" sizes=\"(max-width: 550px) 100vw, 550px\" \/><\/span>\n                    <a class='portfolio_link_class' href='https:\/\/www.innovart.pt\/n2\/portfolio_page\/vinil-2\/' target='_self'><\/a>\n\t\t\n        <div class=\"portfolio_shader\"><\/div>\n<div class=\"text_holder\">\n\t\t<span class=\"project_category\">\n        <span> In <\/span>\n\t\tDestaque \/ Produtos    <\/span>\n<h5 class=\"portfolio_title\" > VINIL<\/h5><h6 class=\"portfolio_subtitle\"> <\/h6><\/div>\n<div class=\"icons_holder\">\n\t<div class=\"icons_holder_inner\">\n\t\t\t\t\t<\/div>\n<\/div>\n\n\n\n    <\/div>\n<\/article>\n<article class=\"mix portfolio_category_129 portfolio_category_127\">\n    <div class='image_holder default_hover'>\n        \n<span class='image'><img width=\"550\" height=\"550\" src=\"https:\/\/www.innovart.pt\/n2\/wp-content\/uploads\/2020\/07\/VINIREC_dest.jpg\" class=\"attachment-portfolio-square size-portfolio-square wp-post-image\" alt=\"\" decoding=\"async\" loading=\"lazy\" srcset=\"https:\/\/www.innovart.pt\/n2\/wp-content\/uploads\/2020\/07\/VINIREC_dest.jpg 858w, https:\/\/www.innovart.pt\/n2\/wp-content\/uploads\/2020\/07\/VINIREC_dest-300x300.jpg 300w, https:\/\/www.innovart.pt\/n2\/wp-content\/uploads\/2020\/07\/VINIREC_dest-150x150.jpg 150w\" sizes=\"(max-width: 550px) 100vw, 550px\" \/><\/span>\n                    <a class='portfolio_link_class' href='https:\/\/www.innovart.pt\/n2\/portfolio_page\/recorte-de-vinil\/' target='_self'><\/a>\n\t\t\n        <div class=\"portfolio_shader\"><\/div>\n<div class=\"text_holder\">\n\t\t<span class=\"project_category\">\n        <span> In <\/span>\n\t\tDestaque \/ Produtos    <\/span>\n<h5 class=\"portfolio_title\" > RECORTE DE VINIL<\/h5><h6 class=\"portfolio_subtitle\"> <\/h6><\/div>\n<div class=\"icons_holder\">\n\t<div class=\"icons_holder_inner\">\n\t\t\t\t\t<\/div>\n<\/div>\n\n\n\n    <\/div>\n<\/article>\n<article class=\"mix portfolio_category_129 portfolio_category_128\">\n    <div class='image_holder default_hover'>\n        \n<span class='image'><img width=\"550\" height=\"540\" src=\"https:\/\/www.innovart.pt\/n2\/wp-content\/uploads\/2020\/09\/reclamos_separador-550x540.jpg\" class=\"attachment-portfolio-square size-portfolio-square wp-post-image\" alt=\"\" decoding=\"async\" loading=\"lazy\" \/><\/span>\n                    <a class='portfolio_link_class' href='https:\/\/www.innovart.pt\/n2\/portfolio_page\/reclamos-luminosos\/' target='_self'><\/a>\n\t\t\n        <div class=\"portfolio_shader\"><\/div>\n<div class=\"text_holder\">\n\t\t<span class=\"project_category\">\n        <span> In <\/span>\n\t\tDestaque \/ servi\u00e7os    <\/span>\n<h5 class=\"portfolio_title\" > Reclamos Luminosos<\/h5><h6 class=\"portfolio_subtitle\"> <\/h6><\/div>\n<div class=\"icons_holder\">\n\t<div class=\"icons_holder_inner\">\n\t\t\t\t\t<\/div>\n<\/div>\n\n\n\n    <\/div>\n<\/article>\n\t\t\t\t\t<div class='filler'><\/div>\n\t\t\t\t\t\t\t\t\t<div class='filler'><\/div>\n\t\t\t\t\t\t\t\t\t<div class='filler'><\/div>\n\t\t\t\t\t<\/div>\n\t<\/div>\n[vc_separator type=&#8221;transparent&#8221; border_style=&#8221;&#8221; up=&#8221;20&#8243; down=&#8221;0&#8243;][\/vc_column][\/vc_row][vc_row row_type=&#8221;row&#8221; use_row_as_full_screen_section=&#8221;no&#8221; type=&#8221;full_width&#8221; text_align=&#8221;left&#8221; background_animation=&#8221;none&#8221; css_animation=&#8221;&#8221; background_color=&#8221;#ffffff&#8221; css=&#8221;.vc_custom_1595784368083{background-color: #ff9c3a !important;}&#8221;][vc_column][vc_row_inner row_type=&#8221;row&#8221; type=&#8221;full_width&#8221; use_row_as_full_screen_section_slide=&#8221;no&#8221; text_align=&#8221;center&#8221; css_animation=&#8221;&#8221;][vc_column_inner][vc_separator type=&#8221;transparent&#8221; border_style=&#8221;&#8221; up=&#8221;20&#8243; down=&#8221;0&#8243;][vc_column_text]<\/p>\n<h4><a href=\"http:\/\/www.innovart.pt\/n2\/artigos-covid\/\"><span style=\"color: #ffffff;\">SEPARADORES ACR\u00cdLICOS, STICKERS DE CH\u00c3O DE DISTANCIAMENTO E \u00a0SINAL\u00c9TICAS DIVERSAS.<\/span><\/a><\/h4>\n<p>[\/vc_column_text][vc_separator type=&#8221;transparent&#8221; border_style=&#8221;&#8221; up=&#8221;20&#8243; down=&#8221;0&#8243;][\/vc_column_inner][\/vc_row_inner][\/vc_column][\/vc_row][vc_row row_type=&#8221;row&#8221; use_row_as_full_screen_section=&#8221;no&#8221; type=&#8221;full_width&#8221; text_align=&#8221;left&#8221; background_animation=&#8221;none&#8221; css_animation=&#8221;&#8221; background_color=&#8221;#ffffff&#8221;][vc_column][vc_row_inner row_type=&#8221;row&#8221; type=&#8221;grid&#8221; use_row_as_full_screen_section_slide=&#8221;no&#8221; text_align=&#8221;left&#8221; padding_top=&#8221;80&#8243; padding_bottom=&#8221;80&#8243; css_animation=&#8221;&#8221; background_color=&#8221;#ffffff&#8221; css=&#8221;.vc_custom_1595357244021{background: #cecece url(http:\/\/www.innovart.pt\/n2\/wp-content\/uploads\/2020\/07\/Peqformat_hp.jpg?id=22038) !important;background-position: center !important;background-repeat: no-repeat !important;background-size: cover !important;}&#8221;][vc_column_inner][vc_separator type=&#8221;transparent&#8221; border_style=&#8221;&#8221; up=&#8221;20&#8243; down=&#8221;0&#8243;][vc_column_text]<\/p>\n<h3><span style=\"color: #ffffff;\"><strong>PEQUENOS FORMATOS<\/strong><\/span><\/h3>\n<p>[\/vc_column_text][vc_separator type=&#8221;transparent&#8221; border_style=&#8221;&#8221; up=&#8221;20&#8243; down=&#8221;0&#8243;][vc_column_text]<\/p>\n<h6><span style=\"color: #ffffff;\">Impress\u00e3o de Cart\u00f5es de visita, Flyers, Panfletos,<\/span><\/h6>\n<h6><span style=\"color: #ffffff;\"> Brochuras, F<\/span><span style=\"color: #ffffff;\">otografia , Quadros e Postais<\/span><\/h6>\n<p>[\/vc_column_text][vc_separator type=&#8221;transparent&#8221; border_style=&#8221;&#8221; up=&#8221;20&#8243; down=&#8221;0&#8243;]<a href=\"mailto:geral@innovart.pt\" target=\"_self\" data-hover-background-color=#ffffff data-hover-color=#38d430 class=\"qbutton  small\" style=\"color: #ffffff; background-color: #38d430;\">CONSULTE-NOS<\/a>[\/vc_column_inner][\/vc_row_inner][\/vc_column][\/vc_row][vc_row row_type=&#8221;row&#8221; use_row_as_full_screen_section=&#8221;no&#8221; type=&#8221;full_width&#8221; text_align=&#8221;left&#8221; background_animation=&#8221;none&#8221; css_animation=&#8221;&#8221; background_color=&#8221;#ffffff&#8221;][vc_column][vc_row_inner row_type=&#8221;row&#8221; type=&#8221;grid&#8221; use_row_as_full_screen_section_slide=&#8221;no&#8221; text_align=&#8221;left&#8221; padding_top=&#8221;80&#8243; padding_bottom=&#8221;80&#8243; css_animation=&#8221;&#8221; background_color=&#8221;#ffffff&#8221; css=&#8221;.vc_custom_1595357824084{background-color: #38d430 !important;}&#8221;][vc_column_inner][vc_separator type=&#8221;transparent&#8221; border_style=&#8221;&#8221; up=&#8221;20&#8243; down=&#8221;0&#8243;][vc_column_text]<\/p>\n<h3><span style=\"color: #ffffff;\"><strong>DESCUBRA TUDO O QUE PODEMOS FAZER POR SI<\/strong><\/span><\/h3>\n<p>[\/vc_column_text][vc_separator type=&#8221;transparent&#8221; border_style=&#8221;&#8221; up=&#8221;20&#8243; down=&#8221;0&#8243;][vc_column_text]<\/p>\n<h6><span style=\"color: #ffffff;\">Na INNOVART, destacamo-nos pela experi\u00eancia em impress\u00e3o, produ\u00e7\u00e3o e acabamento de uma diversificada sele\u00e7\u00e3o de materiais, abrangendo desde op\u00e7\u00f5es r\u00edgidas bem como flex\u00edveis. Trabalhamos materiais como: <a style=\"color: #ffffff;\" href=\"https:\/\/www.innovart.pt\/n2\/portfolio_page\/papel\/\">Papel<\/a>, <a style=\"color: #ffffff;\" href=\"https:\/\/www.innovart.pt\/n2\/portfolio_page\/cartao\/\">Cart\u00e3o<\/a>, <a style=\"color: #ffffff;\" href=\"https:\/\/www.innovart.pt\/n2\/portfolio_page\/vinil-2\/\">Vinil<\/a>, <a style=\"color: #ffffff;\" href=\"https:\/\/www.innovart.pt\/n2\/portfolio_page\/pvc\/\">PVC<\/a>, <a style=\"color: #ffffff;\" href=\"https:\/\/www.innovart.pt\/n2\/portfolio_page\/corte-em-cnc\/\">Madeira, MDF<\/a>, Metais e <a style=\"color: #ffffff;\" href=\"https:\/\/www.innovart.pt\/n2\/portfolio_page\/acrilicos\/\">Acr\u00edlicos<\/a>, adaptando-nos a uma variedade de necessidades e projetos. Al\u00e9m disso, oferecemos um servi\u00e7os completo, que inclu\u00ed montagem e instala\u00e7\u00e3o, com um foco particular na decora\u00e7\u00e3o de lojas, renova\u00e7\u00e3o de fachadas \u00a0e transforma\u00e7\u00e3o de espa\u00e7os comerciais.<\/span><\/h6>\n<h6><span style=\"color: #ffffff;\">Nossa habilidade estende-se \u00e0 <a style=\"color: #ffffff;\" href=\"https:\/\/www.innovart.pt\/n2\/portfolio_page\/decoracao-de-viaturas\/\">decora\u00e7\u00e3o e branding de viaturas<\/a> e \u00e0 instala\u00e7\u00e3o de <a style=\"color: #ffffff;\" href=\"https:\/\/www.innovart.pt\/n2\/portfolio_page\/instalacao-telas\/\">lonas publicit\u00e1rias<\/a>, proporcionando solu\u00e7\u00f5es criativas que elevam a presen\u00e7a da sua marca. Com um portf\u00f3lio abrangente de produtos e servi\u00e7os, estamos equipados para impulsionar o sucesso do seu neg\u00f3cio. Nosso compromisso \u00e9 com a excel\u00eancia e a inova\u00e7\u00e3o, garantindo resultados que superam as expectativas.<\/span><\/h6>\n<p>[\/vc_column_text][vc_separator type=&#8221;transparent&#8221; border_style=&#8221;&#8221; up=&#8221;20&#8243; down=&#8221;0&#8243;]<a href=\"http:\/\/www.innovart.pt\/n2\/produtos\/\" target=\"_self\" data-hover-background-color=#ffffff data-hover-color=#727272 class=\"qbutton  small\" style=\"color: #38d430; background-color: #5b5b5b;\">OS NOSSOS PRODUTOS<\/a>[\/vc_column_inner][\/vc_row_inner][\/vc_column][\/vc_row][vc_row row_type=&#8221;row&#8221; use_row_as_full_screen_section=&#8221;no&#8221; type=&#8221;full_width&#8221; text_align=&#8221;left&#8221; background_animation=&#8221;none&#8221; css_animation=&#8221;&#8221; background_color=&#8221;#ffffff&#8221;][vc_column][\/vc_column][\/vc_row]<\/p>\n<\/div>","protected":false},"excerpt":{"rendered":"<p>[vc_row row_type=&#8221;row&#8221; use_row_as_full_screen_section=&#8221;no&#8221; type=&#8221;full_width&#8221; text_align=&#8221;left&#8221; background_animation=&#8221;none&#8221; css_animation=&#8221;&#8221; background_color=&#8221;#ffffff&#8221;][vc_column][vc_row_inner row_type=&#8221;row&#8221; type=&#8221;grid&#8221; use_row_as_full_screen_section_slide=&#8221;no&#8221; text_align=&#8221;left&#8221; padding_top=&#8221;80&#8243; padding_bottom=&#8221;80&#8243; css_animation=&#8221;&#8221; background_color=&#8221;#ffffff&#8221; css=&#8221;.vc_custom_1561074267665{background-color: #38d430 !important;}&#8221;][vc_column_inner][vc_separator type=&#8221;transparent&#8221; border_style=&#8221;&#8221; up=&#8221;20&#8243; down=&#8221;0&#8243;][vc_column_text] IMPRESS\u00c3O, PRODU\u00c7\u00c3O E MONTAGENS [\/vc_column_text][vc_separator type=&#8221;transparent&#8221; border_style=&#8221;&#8221; up=&#8221;20&#8243; down=&#8221;0&#8243;][vc_column_text] &#8220;Impress\u00e3o Fora de Formato: Expandindo Horizontes, Ampliando Vis\u00f5es&#8221; Adotamos o lema &#8220;Impress\u00e3o Fora&#8230;<\/p>\n","protected":false},"author":1,"featured_media":0,"parent":0,"menu_order":0,"comment_status":"closed","ping_status":"closed","template":"full_width.php","meta":{"_monsterinsights_skip_tracking":false,"_monsterinsights_sitenote_active":false,"_monsterinsights_sitenote_note":"","_monsterinsights_sitenote_category":0},"yoast_head":"<!-- This site is optimized with the Yoast SEO plugin v21.1 - https:\/\/yoast.com\/wordpress\/plugins\/seo\/ -->\n<title>Impress\u00e3o fora de formato - INNOVART<\/title>\n<meta name=\"description\" content=\"Impress\u00e3o, produ\u00e7\u00e3o gr\u00e1fica e montagens. Grandes formatos e pequenos formatos. D\u00ea mais visibilidade \u00e0 sua marca. Impress\u00e3o fora de formato\" \/>\n<meta name=\"robots\" content=\"index, follow, max-snippet:-1, max-image-preview:large, max-video-preview:-1\" \/>\n<link rel=\"canonical\" href=\"https:\/\/www.innovart.pt\/n2\/\" \/>\n<meta property=\"og:locale\" content=\"pt_PT\" \/>\n<meta property=\"og:type\" content=\"article\" \/>\n<meta property=\"og:title\" content=\"Impress\u00e3o fora de formato - INNOVART\" \/>\n<meta property=\"og:description\" content=\"Impress\u00e3o, produ\u00e7\u00e3o gr\u00e1fica e montagens. Grandes formatos e pequenos formatos. D\u00ea mais visibilidade \u00e0 sua marca. Impress\u00e3o fora de formato\" \/>\n<meta property=\"og:url\" content=\"https:\/\/www.innovart.pt\/n2\/\" \/>\n<meta property=\"og:site_name\" content=\"INNOVART\" \/>\n<meta property=\"article:modified_time\" content=\"2024-01-16T19:34:49+00:00\" \/>\n<meta name=\"twitter:card\" content=\"summary_large_image\" \/>\n<meta name=\"twitter:label1\" content=\"Tempo estimado de leitura\" \/>\n\t<meta name=\"twitter:data1\" content=\"3 minutos\" \/>\n<!-- \/ Yoast SEO plugin. -->","yoast_head_json":{"title":"Impress\u00e3o fora de formato - INNOVART","description":"Impress\u00e3o, produ\u00e7\u00e3o gr\u00e1fica e montagens. Grandes formatos e pequenos formatos. D\u00ea mais visibilidade \u00e0 sua marca. Impress\u00e3o fora de formato","robots":{"index":"index","follow":"follow","max-snippet":"max-snippet:-1","max-image-preview":"max-image-preview:large","max-video-preview":"max-video-preview:-1"},"canonical":"https:\/\/www.innovart.pt\/n2\/","og_locale":"pt_PT","og_type":"article","og_title":"Impress\u00e3o fora de formato - INNOVART","og_description":"Impress\u00e3o, produ\u00e7\u00e3o gr\u00e1fica e montagens. Grandes formatos e pequenos formatos. D\u00ea mais visibilidade \u00e0 sua marca. Impress\u00e3o fora de formato","og_url":"https:\/\/www.innovart.pt\/n2\/","og_site_name":"INNOVART","article_modified_time":"2024-01-16T19:34:49+00:00","twitter_card":"summary_large_image","twitter_misc":{"Tempo estimado de leitura":"3 minutos"},"schema":{"@context":"https:\/\/schema.org","@graph":[{"@type":"WebPage","@id":"https:\/\/www.innovart.pt\/n2\/","url":"https:\/\/www.innovart.pt\/n2\/","name":"Impress\u00e3o fora de formato - INNOVART","isPartOf":{"@id":"https:\/\/www.innovart.pt\/n2\/#website"},"datePublished":"2021-02-24T17:11:22+00:00","dateModified":"2024-01-16T19:34:49+00:00","description":"Impress\u00e3o, produ\u00e7\u00e3o gr\u00e1fica e montagens. Grandes formatos e pequenos formatos. D\u00ea mais visibilidade \u00e0 sua marca. Impress\u00e3o fora de formato","breadcrumb":{"@id":"https:\/\/www.innovart.pt\/n2\/#breadcrumb"},"inLanguage":"pt-PT","potentialAction":[{"@type":"ReadAction","target":["https:\/\/www.innovart.pt\/n2\/"]}]},{"@type":"BreadcrumbList","@id":"https:\/\/www.innovart.pt\/n2\/#breadcrumb","itemListElement":[{"@type":"ListItem","position":1,"name":"Home","item":"https:\/\/www.innovart.pt\/n2\/"},{"@type":"ListItem","position":2,"name":"Impress\u00e3o fora de formato"}]},{"@type":"WebSite","@id":"https:\/\/www.innovart.pt\/n2\/#website","url":"https:\/\/www.innovart.pt\/n2\/","name":"INNOVART","description":"Impress&atilde;o fora de formato","potentialAction":[{"@type":"SearchAction","target":{"@type":"EntryPoint","urlTemplate":"https:\/\/www.innovart.pt\/n2\/?s={search_term_string}"},"query-input":"required name=search_term_string"}],"inLanguage":"pt-PT"}]}},"_links":{"self":[{"href":"https:\/\/www.innovart.pt\/n2\/wp-json\/wp\/v2\/pages\/22294"}],"collection":[{"href":"https:\/\/www.innovart.pt\/n2\/wp-json\/wp\/v2\/pages"}],"about":[{"href":"https:\/\/www.innovart.pt\/n2\/wp-json\/wp\/v2\/types\/page"}],"author":[{"embeddable":true,"href":"https:\/\/www.innovart.pt\/n2\/wp-json\/wp\/v2\/users\/1"}],"replies":[{"embeddable":true,"href":"https:\/\/www.innovart.pt\/n2\/wp-json\/wp\/v2\/comments?post=22294"}],"version-history":[{"count":53,"href":"https:\/\/www.innovart.pt\/n2\/wp-json\/wp\/v2\/pages\/22294\/revisions"}],"predecessor-version":[{"id":22655,"href":"https:\/\/www.innovart.pt\/n2\/wp-json\/wp\/v2\/pages\/22294\/revisions\/22655"}],"wp:attachment":[{"href":"https:\/\/www.innovart.pt\/n2\/wp-json\/wp\/v2\/media?parent=22294"}],"curies":[{"name":"wp","href":"https:\/\/api.w.org\/{rel}","templated":true}]}}