{"id":22493,"date":"2023-03-11T16:28:42","date_gmt":"2023-03-11T16:28:42","guid":{"rendered":"https:\/\/www.innovart.pt\/n2\/?page_id=22493"},"modified":"2023-03-24T11:56:22","modified_gmt":"2023-03-24T11:56:22","slug":"protecao-solar","status":"publish","type":"page","link":"https:\/\/www.innovart.pt\/n2\/protecao-solar\/","title":{"rendered":"Prote\u00e7\u00e3o Solar"},"content":{"rendered":"<div class=\"wpb-content-wrapper\"><p>[vc_row row_type=&#8221;row&#8221; use_row_as_full_screen_section=&#8221;no&#8221; type=&#8221;full_width&#8221; text_align=&#8221;left&#8221; background_animation=&#8221;none&#8221; css_animation=&#8221;&#8221;][vc_column][vc_column_text]<\/p>\n<p id=\"u197562-4\">As pel\u00edculas de prote\u00e7\u00e3o solar isolam no inverno e no ver\u00e3o.<\/p>\n<p>Reduzem o calor solar (rejei\u00e7\u00e3o de infravermelhos at\u00e9 98%); reduzem o encadeamento (at\u00e9 99%) e absorvem a quase totalidade dos raios ultravioletas.<\/p>\n<p>As pel\u00edculas solares s\u00e3o um complemento perfeito \u00e0 climatiza\u00e7\u00e3o e permitem uma elevada transmiss\u00e3o de luz vis\u00edvel. Proporciona um aumento no desempenho do isolamento t\u00e9rmico, com a rejei\u00e7\u00e3o de calor. Ao reduzir a radia\u00e7\u00e3o U.V. prejudicial, protegem a apar\u00eancia dos materiais e mobili\u00e1rios no interior.<\/p>\n<p>&nbsp;<\/p>\n<h5>Os nossos tipos de prote\u00e7\u00e3o:<\/h5>\n<p>[\/vc_column_text][vc_separator type=&#8221;normal&#8221; border_style=&#8221;&#8221;][\/vc_column][\/vc_row][vc_row row_type=&#8221;row&#8221; use_row_as_full_screen_section=&#8221;no&#8221; type=&#8221;full_width&#8221; text_align=&#8221;left&#8221; background_animation=&#8221;none&#8221; css_animation=&#8221;&#8221;][vc_column width=&#8221;1\/2&#8243;]<div class=\"image_with_text\"><img src=\"https:\/\/www.innovart.pt\/n2\/wp-content\/uploads\/2021\/08\/foto-site-reduzidabanner.jpg\" alt=\"\" \/><h5 >IP 7114<\/h5><span style=\"margin: 6px 0px;\" class=\"separator transparent\"><\/span><strong>Cor:<\/strong> Prata espelhado (mais cores dispon\u00edveis)<\/p>\n<p><strong>Transmiss\u00e3o de luz vis\u00edvel:<\/strong> 24%<\/p>\n<p><strong>Energia solar rejeitada:<\/strong> 80%<\/p>\n<p><strong>Transmiss\u00e3o de raios UV:<\/strong> 1%<\/p>\n<p><strong>Aplica\u00e7\u00e3o:<\/strong> Exterior<\/div>[vc_empty_space height=&#8221;36px&#8221;][\/vc_column][vc_column width=&#8221;1\/2&#8243;]<div class=\"image_with_text\"><img src=\"https:\/\/www.innovart.pt\/n2\/wp-content\/uploads\/2021\/08\/foto-site-reduzidabanner-1.jpg\" alt=\"\" \/><h5 >IP 7102<\/h5><span style=\"margin: 6px 0px;\" class=\"separator transparent\"><\/span><strong>Cor:<\/strong> Transparente azulado (mais cores dispon\u00edveis)<\/p>\n<p><strong>Transmiss\u00e3o de luz vis\u00edvel:<\/strong> 78%<\/p>\n<p><strong>Energia solar rejeitada:<\/strong> 45%<\/p>\n<p><strong>Transmiss\u00e3o de raios UV:<\/strong> 1%<\/p>\n<p><strong>Aplica\u00e7\u00e3o:<\/strong> Exterior<\/div>[vc_empty_space height=&#8221;36px&#8221;][\/vc_column][\/vc_row][vc_row row_type=&#8221;row&#8221; use_row_as_full_screen_section=&#8221;no&#8221; type=&#8221;full_width&#8221; text_align=&#8221;left&#8221; background_animation=&#8221;none&#8221; css_animation=&#8221;&#8221;][vc_column width=&#8221;1\/2&#8243;]<div class=\"image_with_text\"><img src=\"https:\/\/www.innovart.pt\/n2\/wp-content\/uploads\/2021\/08\/foto-site-reduzidabanneresteeste.jpg\" alt=\"\" \/><h5 >IP 7203<\/h5><span style=\"margin: 6px 0px;\" class=\"separator transparent\"><\/span><strong>Cor:<\/strong> Cinzento<\/p>\n<p><strong>Transmiss\u00e3o de luz vis\u00edvel:<\/strong> 30%<\/p>\n<p><strong>Energia solar rejeitada:<\/strong> 61%<\/p>\n<p><strong>Transmiss\u00e3o de raios UV:<\/strong> 1%<\/p>\n<p><strong>Aplica\u00e7\u00e3o:<\/strong> Interior<\/div>[vc_empty_space height=&#8221;36px&#8221;][\/vc_column][vc_column width=&#8221;1\/2&#8243;]<div class=\"image_with_text\"><img src=\"https:\/\/www.innovart.pt\/n2\/wp-content\/uploads\/2021\/08\/bronze.jpg\" alt=\"\" \/><h5 >IP 7213<\/h5><span style=\"margin: 6px 0px;\" class=\"separator transparent\"><\/span><strong>Cor:<\/strong> Champagne<\/p>\n<p><strong>Transmiss\u00e3o de luz vis\u00edvel:<\/strong> 47%<\/p>\n<p><strong>Energia solar rejeitada:<\/strong> 66%<\/p>\n<p><strong>Transmiss\u00e3o de raios UV:<\/strong> 1%<\/p>\n<p><strong>Aplica\u00e7\u00e3o:<\/strong> Interior<\/div>[vc_empty_space height=&#8221;36px&#8221;][\/vc_column][\/vc_row][vc_row row_type=&#8221;row&#8221; use_row_as_full_screen_section=&#8221;no&#8221; type=&#8221;full_width&#8221; text_align=&#8221;left&#8221; background_animation=&#8221;none&#8221; css_animation=&#8221;&#8221;][vc_column width=&#8221;1\/2&#8243;]<div class=\"image_with_text\"><img src=\"https:\/\/www.innovart.pt\/n2\/wp-content\/uploads\/2023\/03\/vidro.jpg\" alt=\"\" \/><h5 >IP 7203<\/h5><span style=\"margin: 6px 0px;\" class=\"separator transparent\"><\/span><strong>Cor:<\/strong> Transparente<\/p>\n<p><strong>Transmiss\u00e3o de luz vis\u00edvel:<\/strong> 85%<\/p>\n<p><strong>Energia solar rejeitada:<\/strong> 19%<\/p>\n<p><strong>Transmiss\u00e3o de raios UV:<\/strong> 5%<\/p>\n<p><strong>Aplica\u00e7\u00e3o:<\/strong> Interior<\/div>[vc_empty_space height=&#8221;36px&#8221;][\/vc_column][vc_column width=&#8221;1\/2&#8243;]<div class=\"image_with_text\"><img src=\"https:\/\/www.innovart.pt\/n2\/wp-content\/uploads\/2023\/03\/bronze.jpg\" alt=\"\" \/><h5 >IP 7119<\/h5><span style=\"margin: 6px 0px;\" class=\"separator transparent\"><\/span><strong>Cor: <\/strong>Bronze espelhado<\/p>\n<p><strong>Transmiss\u00e3o de luz vis\u00edvel:<\/strong> 11%<\/p>\n<p><strong>Energia solar rejeitada:<\/strong> 80%<\/p>\n<p><strong>Transmiss\u00e3o de raios UV:<\/strong> 1%<\/p>\n<p><strong>Aplica\u00e7\u00e3o:<\/strong> Exterior<\/div>[vc_empty_space height=&#8221;36px&#8221;][\/vc_column][\/vc_row]<\/p>\n<\/div>","protected":false},"excerpt":{"rendered":"<p>[vc_row row_type=&#8221;row&#8221; use_row_as_full_screen_section=&#8221;no&#8221; type=&#8221;full_width&#8221; text_align=&#8221;left&#8221; background_animation=&#8221;none&#8221; css_animation=&#8221;&#8221;][vc_column][vc_column_text] As pel\u00edculas de prote\u00e7\u00e3o solar isolam no inverno e no ver\u00e3o. Reduzem o calor solar (rejei\u00e7\u00e3o de infravermelhos at\u00e9 98%); reduzem o encadeamento (at\u00e9 99%) e absorvem a quase totalidade dos raios ultravioletas. As pel\u00edculas solares s\u00e3o um&#8230;<\/p>\n","protected":false},"author":5,"featured_media":0,"parent":0,"menu_order":0,"comment_status":"open","ping_status":"open","template":"blog-centered.php","meta":{"_monsterinsights_skip_tracking":false,"_monsterinsights_sitenote_active":false,"_monsterinsights_sitenote_note":"","_monsterinsights_sitenote_category":0},"yoast_head":"<!-- This site is optimized with the Yoast SEO plugin v21.1 - https:\/\/yoast.com\/wordpress\/plugins\/seo\/ -->\n<title>Prote\u00e7\u00e3o Solar - INNOVART<\/title>\n<meta name=\"robots\" content=\"index, follow, max-snippet:-1, max-image-preview:large, max-video-preview:-1\" \/>\n<link rel=\"canonical\" href=\"https:\/\/www.innovart.pt\/n2\/protecao-solar\/\" \/>\n<meta property=\"og:locale\" content=\"pt_PT\" \/>\n<meta property=\"og:type\" content=\"article\" \/>\n<meta property=\"og:title\" content=\"Prote\u00e7\u00e3o Solar - INNOVART\" \/>\n<meta property=\"og:description\" content=\"[vc_row row_type=&#8221;row&#8221; use_row_as_full_screen_section=&#8221;no&#8221; type=&#8221;full_width&#8221; text_align=&#8221;left&#8221; background_animation=&#8221;none&#8221; css_animation=&#8221;&#8221;][vc_column][vc_column_text] As pel\u00edculas de prote\u00e7\u00e3o solar isolam no inverno e no ver\u00e3o. Reduzem o calor solar (rejei\u00e7\u00e3o de infravermelhos at\u00e9 98%); reduzem o encadeamento (at\u00e9 99%) e absorvem a quase totalidade dos raios ultravioletas. As pel\u00edculas solares s\u00e3o um...\" \/>\n<meta property=\"og:url\" content=\"https:\/\/www.innovart.pt\/n2\/protecao-solar\/\" \/>\n<meta property=\"og:site_name\" content=\"INNOVART\" \/>\n<meta property=\"article:modified_time\" content=\"2023-03-24T11:56:22+00:00\" \/>\n<meta name=\"twitter:card\" content=\"summary_large_image\" \/>\n<meta name=\"twitter:label1\" content=\"Tempo estimado de leitura\" \/>\n\t<meta name=\"twitter:data1\" content=\"2 minutos\" \/>\n<!-- \/ Yoast SEO plugin. -->","yoast_head_json":{"title":"Prote\u00e7\u00e3o Solar - INNOVART","robots":{"index":"index","follow":"follow","max-snippet":"max-snippet:-1","max-image-preview":"max-image-preview:large","max-video-preview":"max-video-preview:-1"},"canonical":"https:\/\/www.innovart.pt\/n2\/protecao-solar\/","og_locale":"pt_PT","og_type":"article","og_title":"Prote\u00e7\u00e3o Solar - INNOVART","og_description":"[vc_row row_type=&#8221;row&#8221; use_row_as_full_screen_section=&#8221;no&#8221; type=&#8221;full_width&#8221; text_align=&#8221;left&#8221; background_animation=&#8221;none&#8221; css_animation=&#8221;&#8221;][vc_column][vc_column_text] As pel\u00edculas de prote\u00e7\u00e3o solar isolam no inverno e no ver\u00e3o. Reduzem o calor solar (rejei\u00e7\u00e3o de infravermelhos at\u00e9 98%); reduzem o encadeamento (at\u00e9 99%) e absorvem a quase totalidade dos raios ultravioletas. As pel\u00edculas solares s\u00e3o um...","og_url":"https:\/\/www.innovart.pt\/n2\/protecao-solar\/","og_site_name":"INNOVART","article_modified_time":"2023-03-24T11:56:22+00:00","twitter_card":"summary_large_image","twitter_misc":{"Tempo estimado de leitura":"2 minutos"},"schema":{"@context":"https:\/\/schema.org","@graph":[{"@type":"WebPage","@id":"https:\/\/www.innovart.pt\/n2\/protecao-solar\/","url":"https:\/\/www.innovart.pt\/n2\/protecao-solar\/","name":"Prote\u00e7\u00e3o Solar - INNOVART","isPartOf":{"@id":"https:\/\/www.innovart.pt\/n2\/#website"},"datePublished":"2023-03-11T16:28:42+00:00","dateModified":"2023-03-24T11:56:22+00:00","breadcrumb":{"@id":"https:\/\/www.innovart.pt\/n2\/protecao-solar\/#breadcrumb"},"inLanguage":"pt-PT","potentialAction":[{"@type":"ReadAction","target":["https:\/\/www.innovart.pt\/n2\/protecao-solar\/"]}]},{"@type":"BreadcrumbList","@id":"https:\/\/www.innovart.pt\/n2\/protecao-solar\/#breadcrumb","itemListElement":[{"@type":"ListItem","position":1,"name":"Home","item":"https:\/\/www.innovart.pt\/n2\/"},{"@type":"ListItem","position":2,"name":"Prote\u00e7\u00e3o Solar"}]},{"@type":"WebSite","@id":"https:\/\/www.innovart.pt\/n2\/#website","url":"https:\/\/www.innovart.pt\/n2\/","name":"INNOVART","description":"Impress&atilde;o fora de formato","potentialAction":[{"@type":"SearchAction","target":{"@type":"EntryPoint","urlTemplate":"https:\/\/www.innovart.pt\/n2\/?s={search_term_string}"},"query-input":"required name=search_term_string"}],"inLanguage":"pt-PT"}]}},"_links":{"self":[{"href":"https:\/\/www.innovart.pt\/n2\/wp-json\/wp\/v2\/pages\/22493"}],"collection":[{"href":"https:\/\/www.innovart.pt\/n2\/wp-json\/wp\/v2\/pages"}],"about":[{"href":"https:\/\/www.innovart.pt\/n2\/wp-json\/wp\/v2\/types\/page"}],"author":[{"embeddable":true,"href":"https:\/\/www.innovart.pt\/n2\/wp-json\/wp\/v2\/users\/5"}],"replies":[{"embeddable":true,"href":"https:\/\/www.innovart.pt\/n2\/wp-json\/wp\/v2\/comments?post=22493"}],"version-history":[{"count":8,"href":"https:\/\/www.innovart.pt\/n2\/wp-json\/wp\/v2\/pages\/22493\/revisions"}],"predecessor-version":[{"id":22613,"href":"https:\/\/www.innovart.pt\/n2\/wp-json\/wp\/v2\/pages\/22493\/revisions\/22613"}],"wp:attachment":[{"href":"https:\/\/www.innovart.pt\/n2\/wp-json\/wp\/v2\/media?parent=22493"}],"curies":[{"name":"wp","href":"https:\/\/api.w.org\/{rel}","templated":true}]}}